{"id":6297,"date":"2025-10-09T09:36:56","date_gmt":"2025-10-09T07:36:56","guid":{"rendered":"https:\/\/gameservercentral.eu\/?post_type=product&#038;p=6297"},"modified":"2026-01-25T16:37:43","modified_gmt":"2026-01-25T15:37:43","slug":"7-dias-para-morir-alojamiento-en-servidor-dedicado","status":"publish","type":"product","link":"https:\/\/gameservercentral.eu\/es\/shop\/7-days-to-die-dedicated-server-hosting\/","title":{"rendered":"7 Days to Die Alojamiento de servidores dedicados"},"content":{"rendered":"<h2>7 Days to Die Alojamiento de Servidores Dedicados - Escalable, Seguro y Listo en Minutos<\/h2>\n<p><strong>Sobrevive al apocalipsis con el alojamiento de servidores 7 Days to Die premium dise\u00f1ado para jugadores serios.<\/strong> Tanto si est\u00e1s luchando contra hordas en solitario como coordin\u00e1ndote con amigos, nuestros servidores dedicados ofrecen un rendimiento inigualable, una configuraci\u00f3n instant\u00e1nea y un control total.<\/p>\n<h3>Caracter\u00edsticas principales<\/h3>\n<ul>\n<li><strong>Despliegue instant\u00e1neo<\/strong> - Su servidor est\u00e1 en l\u00ednea a los pocos minutos de la compra.<\/li>\n<li><strong>Recursos espec\u00edficos<\/strong> - Sin alojamiento compartido. Disfrute de un rendimiento constante y baja latencia.<\/li>\n<li><strong>Duraciones flexibles<\/strong> - Opciones de prepago a partir de 24 horas. Sin suscripciones. Sin compromisos.<\/li>\n<li><strong>Soporte completo para mods<\/strong> - Personaliza tu juego con mods, mapas y ajustes del servidor.<\/li>\n<li><strong>Acceso al panel de control<\/strong> - Gestiona f\u00e1cilmente la configuraci\u00f3n del servidor, las copias de seguridad y los permisos de los jugadores.<\/li>\n<li><strong>Protecci\u00f3n DDoS<\/strong> - Mant\u00e9ngase en l\u00ednea y seguro, incluso durante picos de tr\u00e1fico o ataques selectivos.<\/li>\n<li><strong>Guardar datos persistentes<\/strong> - Su mundo se conserva durante 14 d\u00edas tras la expiraci\u00f3n, listo para reanudarse en cualquier momento.<\/li>\n<\/ul>\n<h3>Creado para Europa, con infraestructura de nivel 4<\/h3>\n<p>Alojada en los mejores centros de datos de la UE, con una capacidad de red de 1 Gbps por servidor, nuestra infraestructura garantiza un juego fluido, descargas r\u00e1pidas y un tiempo de actividad fiable. Tanto si exploras Navezgane como si construyes tu propia fortaleza, tu servidor siempre responder\u00e1 y ser\u00e1 resistente.<\/p>\n<h3>\u00bfPor qu\u00e9 elegir GameServerCentral?<\/h3>\n<ul>\n<li><strong><a href=\"https:\/\/gameservercentral.eu\/es\/early-access\/\">Acceso anticipado<\/a> Ventajas<\/strong> - Disfrute de pruebas gratuitas de 24 horas y de funciones exclusivas durante nuestra fase de lanzamiento.<\/li>\n<li><strong>Niveles personalizables<\/strong> - Elija el hardware y las opciones que mejor se adapten a su estilo de juego.<\/li>\n<li><strong>Impulsado por la Comunidad<\/strong> - Escuchamos, nos adaptamos y evolucionamos en funci\u00f3n de sus comentarios.<\/li>\n<\/ul>","protected":false},"excerpt":{"rendered":"<p>Aloja tu sandbox de supervivencia con servidores dedicados 7 Days to Die dise\u00f1ados con precisi\u00f3n para ofrecer resistencia, personalizaci\u00f3n y acci\u00f3n multijugador sin interrupciones. Tanto si est\u00e1s fortificando una base privada con amigos como organizando un desaf\u00edo de horda p\u00fablico, nuestra soluci\u00f3n de alojamiento ofrece un control, un rendimiento y una escalabilidad inigualables adaptados a las demandas \u00fanicas de 7 Days to Die.<\/p>","protected":false},"featured_media":6343,"comment_status":"open","ping_status":"closed","template":"","meta":[],"product_brand":[],"product_cat":[29,69],"product_tag":[],"class_list":{"0":"post-6297","1":"product","2":"type-product","3":"status-publish","4":"has-post-thumbnail","6":"product_cat-pre-paid-game-server","7":"product_cat-survival-games","9":"first","10":"instock","11":"sale","12":"shipping-taxable","13":"purchasable","14":"product-type-variable"},"_links":{"self":[{"href":"https:\/\/gameservercentral.eu\/es\/wp-json\/wp\/v2\/product\/6297","targetHints":{"allow":["GET"]}}],"collection":[{"href":"https:\/\/gameservercentral.eu\/es\/wp-json\/wp\/v2\/product"}],"about":[{"href":"https:\/\/gameservercentral.eu\/es\/wp-json\/wp\/v2\/types\/product"}],"replies":[{"embeddable":true,"href":"https:\/\/gameservercentral.eu\/es\/wp-json\/wp\/v2\/comments?post=6297"}],"wp:featuredmedia":[{"embeddable":true,"href":"https:\/\/gameservercentral.eu\/es\/wp-json\/wp\/v2\/media\/6343"}],"wp:attachment":[{"href":"https:\/\/gameservercentral.eu\/es\/wp-json\/wp\/v2\/media?parent=6297"}],"wp:term":[{"taxonomy":"product_brand","embeddable":true,"href":"https:\/\/gameservercentral.eu\/es\/wp-json\/wp\/v2\/product_brand?post=6297"},{"taxonomy":"product_cat","embeddable":true,"href":"https:\/\/gameservercentral.eu\/es\/wp-json\/wp\/v2\/product_cat?post=6297"},{"taxonomy":"product_tag","embeddable":true,"href":"https:\/\/gameservercentral.eu\/es\/wp-json\/wp\/v2\/product_tag?post=6297"}],"curies":[{"name":"wp","href":"https:\/\/api.w.org\/{rel}","templated":true}]}}