{"id":5734,"date":"2025-10-06T18:52:02","date_gmt":"2025-10-06T16:52:02","guid":{"rendered":"https:\/\/gameservercentral.eu\/?post_type=product&#038;p=5734"},"modified":"2025-11-02T17:20:46","modified_gmt":"2025-11-02T16:20:46","slug":"barotrauma-servidor-dedicado","status":"publish","type":"product","link":"https:\/\/gameservercentral.eu\/es\/shop\/barotrauma-dedicated-server\/","title":{"rendered":"Barotrauma Servidores Dedicados"},"content":{"rendered":"<h1>Barotrauma Servidores Dedicados<\/h1>\n<h2>\u00bfPor qu\u00e9 elegir nuestro alojamiento de servidores de barotrauma?<\/h2>\n<p><a href=\"https:\/\/gameservercentral.eu\/es\/shop\/7-days-to-die-dedicated-server-hosting\/\">Barotrauma<\/a> es un complejo simulador submarino cooperativo que se nutre de la coordinaci\u00f3n en tiempo real, el modding y los mundos persistentes. Nuestra plataforma de alojamiento est\u00e1 dise\u00f1ada para hacer frente a estos retos, ofreciendo:<\/p>\n<ul>\n<li><strong>Niveles de hardware dedicados<\/strong> optimizado para el perfil de recursos de Barotrauma<\/li>\n<li><strong>Soporte completo para mods<\/strong>, incluyendo scripts Lua y configuraci\u00f3n XML<\/li>\n<li><strong>Actualizaciones y copias de seguridad automatizadas<\/strong> para mantener tu servidor seguro y actualizado<\/li>\n<li><strong>Tratamiento de datos conforme al GDPR<\/strong><\/li>\n<\/ul>\n<p>Tanto si eres un jugador ocasional como un organizador de comunidades, nuestro alojamiento te permite crear un juego inmersivo e ininterrumpido sin ning\u00fan compromiso.<\/p>\n<h2><\/h2>\n<h2>Actuaciones que calan hondo<\/h2>\n<p>Nuestra infraestructura est\u00e1 dise\u00f1ada para un alojamiento de baja latencia y alta disponibilidad:<\/p>\n<ul>\n<li><strong>Opciones de hardware escalonadas<\/strong>: Elige desde CPUs b\u00e1sicas hasta CPUs de alto rendimiento con almacenamiento SSD\/NVMe<\/li>\n<li><strong>Optimizaci\u00f3n global de rutas<\/strong>: Reducci\u00f3n del ping y de la p\u00e9rdida de paquetes para las tripulaciones internacionales<\/li>\n<li><strong>Entornos aislados<\/strong>: Cada servidor se ejecuta en un contenedor seguro con recursos dedicados<\/li>\n<li><strong>Orquestaci\u00f3n respaldada por Kubernetes<\/strong>: Garantiza un despliegue r\u00e1pido, recuperaci\u00f3n autom\u00e1tica y escalado horizontal<\/li>\n<\/ul>\n<p>Se acabaron los picos de retraso durante las fusiones de los reactores o las infestaciones alien\u00edgenas: s\u00f3lo navegaci\u00f3n suave bajo la superficie helada de Europa.<\/p>","protected":false},"excerpt":{"rendered":"<p><strong>Aloja tus aventuras subacu\u00e1ticas con servidores dedicados Barotrauma dise\u00f1ados con precisi\u00f3n y construidos para ofrecer rendimiento, cumplimiento y compromiso con la comunidad.<\/strong> Tanto si diriges una campa\u00f1a privada con amigos como si gestionas una experiencia multijugador p\u00fablica, nuestra soluci\u00f3n de alojamiento ofrece un control, una estabilidad y una escalabilidad inigualables, adaptados a las exigencias \u00fanicas de Barotrauma.<\/p>","protected":false},"featured_media":5735,"comment_status":"open","ping_status":"closed","template":"","meta":[],"product_brand":[],"product_cat":[29,64,69],"product_tag":[],"class_list":{"0":"post-5734","1":"product","2":"type-product","3":"status-publish","4":"has-post-thumbnail","6":"product_cat-pre-paid-game-server","7":"product_cat-early-access","8":"product_cat-survival-games","10":"first","11":"instock","12":"sale","13":"shipping-taxable","14":"purchasable","15":"product-type-variable"},"_links":{"self":[{"href":"https:\/\/gameservercentral.eu\/es\/wp-json\/wp\/v2\/product\/5734","targetHints":{"allow":["GET"]}}],"collection":[{"href":"https:\/\/gameservercentral.eu\/es\/wp-json\/wp\/v2\/product"}],"about":[{"href":"https:\/\/gameservercentral.eu\/es\/wp-json\/wp\/v2\/types\/product"}],"replies":[{"embeddable":true,"href":"https:\/\/gameservercentral.eu\/es\/wp-json\/wp\/v2\/comments?post=5734"}],"wp:featuredmedia":[{"embeddable":true,"href":"https:\/\/gameservercentral.eu\/es\/wp-json\/wp\/v2\/media\/5735"}],"wp:attachment":[{"href":"https:\/\/gameservercentral.eu\/es\/wp-json\/wp\/v2\/media?parent=5734"}],"wp:term":[{"taxonomy":"product_brand","embeddable":true,"href":"https:\/\/gameservercentral.eu\/es\/wp-json\/wp\/v2\/product_brand?post=5734"},{"taxonomy":"product_cat","embeddable":true,"href":"https:\/\/gameservercentral.eu\/es\/wp-json\/wp\/v2\/product_cat?post=5734"},{"taxonomy":"product_tag","embeddable":true,"href":"https:\/\/gameservercentral.eu\/es\/wp-json\/wp\/v2\/product_tag?post=5734"}],"curies":[{"name":"wp","href":"https:\/\/api.w.org\/{rel}","templated":true}]}}