{"id":332,"date":"2025-01-27T19:48:26","date_gmt":"2025-01-27T18:48:26","guid":{"rendered":"https:\/\/gameservercentral.eu\/?post_type=product&#038;p=332"},"modified":"2025-10-29T17:34:45","modified_gmt":"2025-10-29T16:34:45","slug":"servidor-dedicado-a-la-roya","status":"publish","type":"product","link":"https:\/\/gameservercentral.eu\/es\/shop\/rust-dedicated-server\/","title":{"rendered":"Servidor dedicado Rust"},"content":{"rendered":"<h2>Experimenta el mejor entorno de juego de \u00f3xido<\/h2>\n<p>Bienvenido a GameServerCentral, donde ofrecemos servidores dedicados de primera categor\u00eda para tus necesidades de juego de Rust. Nuestro servidor dedicado a Rust ofrece un rendimiento, una fiabilidad y unas opciones de personalizaci\u00f3n inigualables para garantizarte la mejor experiencia de juego posible.<\/p>\n<p><strong>Caracter\u00edsticas principales:<\/strong><\/p>\n<ul>\n<li><strong>Alto rendimiento<\/strong>: Nuestros servidores est\u00e1n equipados con lo \u00faltimo en hardware para ofrecer un juego fluido y sin retrasos.<\/li>\n<li><strong>Control total<\/strong>: Disfruta de un control total sobre los ajustes, mods y configuraciones de tu servidor para adaptar el juego a tus preferencias.<\/li>\n<li><strong>Tiempo de actividad 24\/7<\/strong>: Nuestros servidores est\u00e1n vigilados las 24 horas del d\u00eda para garantizar el m\u00e1ximo tiempo de actividad y las m\u00ednimas interrupciones.<\/li>\n<li><strong>Protecci\u00f3n DDoS<\/strong>: Proporcionamos una s\u00f3lida protecci\u00f3n DDoS para mantener tu servidor a salvo de ataques y garantizar un juego ininterrumpido.<\/li>\n<li><strong>Configuraci\u00f3n instant\u00e1nea<\/strong>: Pon en marcha tu servidor en cuesti\u00f3n de minutos con nuestro sencillo proceso de configuraci\u00f3n.<\/li>\n<li><strong>Recursos escalables<\/strong>: Ampl\u00eda f\u00e1cilmente los recursos de tu servidor a medida que tu comunidad crezca y aumenten las demandas.<\/li>\n<li><strong>Soporte dedicado<\/strong>: Nuestro experto equipo de asistencia est\u00e1 disponible 24 horas al d\u00eda, 7 d\u00edas a la semana, para ayudarte con cualquier problema o pregunta que puedas tener.<\/li>\n<\/ul>\n<p><strong>\u00bfPor qu\u00e9 elegir GameServerCentral?<\/strong><\/p>\n<p>En GameServerCentral, nos comprometemos a proporcionar la mejor experiencia de juego a nuestros usuarios. Nuestro Servidor Dedicado a Rust est\u00e1 dise\u00f1ado para satisfacer las necesidades tanto de los jugadores ocasionales como de los hardcore, ofreciendo un entorno de juego fluido y agradable. Tanto si vas a alojar a un peque\u00f1o grupo de amigos como a una gran comunidad de jugadores, nuestros servidores est\u00e1n dise\u00f1ados para soportarlo todo.<\/p>\n<p><strong>Empieza hoy mismo<\/strong><\/p>\n<p>\u00danete a la comunidad de GameServerCentral y lleva tu experiencia de juego en Rust al siguiente nivel. Reg\u00edstrate en nuestro Servidor Dedicado de Rust y disfruta del mejor entorno de juego con un rendimiento y una fiabilidad inigualables.<\/p>","protected":false},"excerpt":{"rendered":"<p>Bienvenido a GameServerCentral, donde ofrecemos servidores dedicados de primera categor\u00eda para tus necesidades de juego de Rust. Nuestro servidor dedicado a Rust ofrece un rendimiento, una fiabilidad y unas opciones de personalizaci\u00f3n inigualables para garantizarte la mejor experiencia de juego posible.<\/p>","protected":false},"featured_media":525,"comment_status":"open","ping_status":"closed","template":"","meta":[],"product_brand":[],"product_cat":[29],"product_tag":[],"class_list":{"0":"post-332","1":"product","2":"type-product","3":"status-publish","4":"has-post-thumbnail","6":"product_cat-pre-paid-game-server","8":"first","9":"outofstock","10":"sold-individually","11":"shipping-taxable","12":"product-type-variable"},"_links":{"self":[{"href":"https:\/\/gameservercentral.eu\/es\/wp-json\/wp\/v2\/product\/332","targetHints":{"allow":["GET"]}}],"collection":[{"href":"https:\/\/gameservercentral.eu\/es\/wp-json\/wp\/v2\/product"}],"about":[{"href":"https:\/\/gameservercentral.eu\/es\/wp-json\/wp\/v2\/types\/product"}],"replies":[{"embeddable":true,"href":"https:\/\/gameservercentral.eu\/es\/wp-json\/wp\/v2\/comments?post=332"}],"wp:featuredmedia":[{"embeddable":true,"href":"https:\/\/gameservercentral.eu\/es\/wp-json\/wp\/v2\/media\/525"}],"wp:attachment":[{"href":"https:\/\/gameservercentral.eu\/es\/wp-json\/wp\/v2\/media?parent=332"}],"wp:term":[{"taxonomy":"product_brand","embeddable":true,"href":"https:\/\/gameservercentral.eu\/es\/wp-json\/wp\/v2\/product_brand?post=332"},{"taxonomy":"product_cat","embeddable":true,"href":"https:\/\/gameservercentral.eu\/es\/wp-json\/wp\/v2\/product_cat?post=332"},{"taxonomy":"product_tag","embeddable":true,"href":"https:\/\/gameservercentral.eu\/es\/wp-json\/wp\/v2\/product_tag?post=332"}],"curies":[{"name":"wp","href":"https:\/\/api.w.org\/{rel}","templated":true}]}}