{"id":1633,"date":"2025-08-28T17:38:18","date_gmt":"2025-08-28T15:38:18","guid":{"rendered":"https:\/\/gameservercentral.eu\/shop\/gift-card\/"},"modified":"2026-01-25T18:13:07","modified_gmt":"2026-01-25T17:13:07","slug":"tarjeta-regalo","status":"publish","type":"product","link":"https:\/\/gameservercentral.eu\/es\/shop\/gift-card\/","title":{"rendered":"Tarjeta regalo"},"content":{"rendered":"<p>\u00bfBuscas el regalo perfecto para el jugador de tu vida? Ya sea un jugador competitivo, un entusiasta del modding o alguien a quien simplemente le encanta organizar \u00e9picas sesiones multijugador, nuestra Tarjeta regalo para servidor de juegos abre un mundo de posibilidades.<\/p>\n<p>Con esta tarjeta, los destinatarios pueden lanzar su propia <strong>servidor de juegos dedicado<\/strong>-Construido a medida para ofrecer rendimiento, fiabilidad y control total. Se acabaron los retrasos y las limitaciones. S\u00f3lo un juego fluido, ajustes personalizables y la libertad de alojar sus juegos favoritos exactamente como quieran.<\/p>\n<p>\ud83d\udd79\ufe0f <strong>Por qu\u00e9 es genial:<\/strong><\/p>\n<ul>\n<li>Canjeable por cualquier tipo de servidor<\/li>\n<li>Activaci\u00f3n y configuraci\u00f3n instant\u00e1neas: con\u00e9ctate en cuesti\u00f3n de minutos<\/li>\n<li>Acceso total a la configuraci\u00f3n del servidor, mods y plugins<\/li>\n<li>Rendimiento escalable para adaptarse a cualquier estilo de juego o tama\u00f1o de comunidad<\/li>\n<\/ul>\n<p>Ya sea para un cumplea\u00f1os, un premio de un torneo o simplemente una sorpresa para tu equipo de jugadores, esta tarjeta regalo es algo m\u00e1s que cr\u00e9dito: es una invitaci\u00f3n a crear experiencias de juego inolvidables.<\/p>","protected":false},"excerpt":{"rendered":"<p>\u00a1Regala un juego sin retrasos! Nuestra tarjeta regalo permite a tus amigos o miembros de la comunidad crear su propio servidor de juego dedicado, personalizable, de alto rendimiento y listo para la acci\u00f3n. Perfecto para cumplea\u00f1os, torneos o simplemente para decir \u201cGG\u201d.\u201d<\/p>\n<p>Canjeable por cualquier tipo de servidor. Sin caducidad. Entrega instant\u00e1nea.<\/p>","protected":false},"featured_media":9850,"comment_status":"open","ping_status":"closed","template":"","meta":[],"product_brand":[],"product_cat":[16],"product_tag":[],"class_list":{"0":"post-1633","1":"product","2":"type-product","3":"status-publish","4":"has-post-thumbnail","6":"product_cat-unkategorisiert","8":"first","9":"instock","10":"purchasable","11":"product-type-pw-gift-card"},"_links":{"self":[{"href":"https:\/\/gameservercentral.eu\/es\/wp-json\/wp\/v2\/product\/1633","targetHints":{"allow":["GET"]}}],"collection":[{"href":"https:\/\/gameservercentral.eu\/es\/wp-json\/wp\/v2\/product"}],"about":[{"href":"https:\/\/gameservercentral.eu\/es\/wp-json\/wp\/v2\/types\/product"}],"replies":[{"embeddable":true,"href":"https:\/\/gameservercentral.eu\/es\/wp-json\/wp\/v2\/comments?post=1633"}],"wp:featuredmedia":[{"embeddable":true,"href":"https:\/\/gameservercentral.eu\/es\/wp-json\/wp\/v2\/media\/9850"}],"wp:attachment":[{"href":"https:\/\/gameservercentral.eu\/es\/wp-json\/wp\/v2\/media?parent=1633"}],"wp:term":[{"taxonomy":"product_brand","embeddable":true,"href":"https:\/\/gameservercentral.eu\/es\/wp-json\/wp\/v2\/product_brand?post=1633"},{"taxonomy":"product_cat","embeddable":true,"href":"https:\/\/gameservercentral.eu\/es\/wp-json\/wp\/v2\/product_cat?post=1633"},{"taxonomy":"product_tag","embeddable":true,"href":"https:\/\/gameservercentral.eu\/es\/wp-json\/wp\/v2\/product_tag?post=1633"}],"curies":[{"name":"wp","href":"https:\/\/api.w.org\/{rel}","templated":true}]}}