{"id":454,"date":"2025-02-03T17:49:19","date_gmt":"2025-02-03T16:49:19","guid":{"rendered":"https:\/\/gameservercentral.eu\/?page_id=454"},"modified":"2025-02-03T18:37:28","modified_gmt":"2025-02-03T17:37:28","slug":"noticias","status":"publish","type":"page","link":"https:\/\/gameservercentral.eu\/es\/news\/","title":{"rendered":"Noticias"},"content":{"rendered":"<h3 class=\"wp-block-heading\">Mant\u00e9ngase al d\u00eda con las \u00faltimas noticias y anuncios<\/h3>\n\n\n\n<p>\u00a1Bienvenido a nuestra p\u00e1gina de Noticias! Aqu\u00ed encontrar\u00e1s las \u00faltimas actualizaciones, anuncios y emocionantes novedades de GameServerCentral. Mantente informado sobre nuevas funciones, pr\u00f3ximos eventos y cambios importantes que mejorar\u00e1n tu experiencia de juego. No dejes de visitarnos con regularidad para enterarte de las \u00faltimas noticias y novedades.<\/p>\n\n\n\n<div class=\"wp-block-query has-global-padding is-layout-constrained wp-block-query-is-layout-constrained\">\n<div class=\"wp-block-group is-layout-flow wp-block-group-is-layout-flow\" style=\"margin-top:0;margin-bottom:0;padding-top:var(--wp--preset--spacing--50);padding-right:0;padding-bottom:var(--wp--preset--spacing--50);padding-left:0\"><ul class=\"alignfull wp-block-post-template is-layout-flow wp-container-core-post-template-is-layout-09c064ec wp-block-post-template-is-layout-flow\"><li class=\"wp-block-post post-9737 post type-post status-publish format-standard has-post-thumbnail hentry category-general\">\n<figure style=\"aspect-ratio:3\/2; margin-bottom:var(--wp--preset--spacing--20);\" class=\"wp-block-post-featured-image\"><a href=\"https:\/\/gameservercentral.eu\/es\/general\/we-are-going-public-free-24-hour-gameservers-continue\/\" target=\"_self\"><img loading=\"lazy\" decoding=\"async\" width=\"1536\" height=\"1024\" src=\"https:\/\/gameservercentral.eu\/wp-content\/uploads\/2025\/01\/Copilot_20250727_170403.png\" class=\"attachment-post-thumbnail size-post-thumbnail wp-post-image\" alt=\"Nos hacemos p\u00fablicos - Contin\u00faan los GAMEServidores 24 horas gratuitos\" style=\"width:100%;height:100%;object-fit:cover;\" srcset=\"https:\/\/gameservercentral.eu\/wp-content\/uploads\/2025\/01\/Copilot_20250727_170403.png 1536w, https:\/\/gameservercentral.eu\/wp-content\/uploads\/2025\/01\/Copilot_20250727_170403-600x400.png 600w, https:\/\/gameservercentral.eu\/wp-content\/uploads\/2025\/01\/Copilot_20250727_170403-64x43.png 64w, https:\/\/gameservercentral.eu\/wp-content\/uploads\/2025\/01\/Copilot_20250727_170403-300x200.png 300w, https:\/\/gameservercentral.eu\/wp-content\/uploads\/2025\/01\/Copilot_20250727_170403-1024x683.png 1024w, https:\/\/gameservercentral.eu\/wp-content\/uploads\/2025\/01\/Copilot_20250727_170403-768x512.png 768w, https:\/\/gameservercentral.eu\/wp-content\/uploads\/2025\/01\/Copilot_20250727_170403-18x12.png 18w\" sizes=\"auto, (max-width: 1536px) 100vw, 1536px\" \/><\/a><\/figure>\n\n\n<div class=\"wp-block-group is-vertical is-nowrap is-layout-flex wp-container-core-group-is-layout-9bc6ff26 wp-block-group-is-layout-flex\"><h2 style=\"margin-bottom:0;\" class=\"wp-block-post-title has-x-large-font-size\"><a href=\"https:\/\/gameservercentral.eu\/es\/general\/we-are-going-public-free-24-hour-gameservers-continue\/\" target=\"_self\">Nos hacemos p\u00fablicos - Contin\u00faan los GAMEServidores 24 horas gratuitos<\/a><\/h2>\n\n<div class=\"wp-block-template-part\">\n<div class=\"wp-block-group has-global-padding is-layout-constrained wp-block-group-is-layout-constrained\">\n<div class=\"wp-block-group is-content-justification-left is-layout-flex wp-container-core-group-is-layout-dfe8e91f wp-block-group-is-layout-flex\"><div class=\"wp-block-post-date\"><time datetime=\"2025-10-25T16:07:15+02:00\"><a href=\"https:\/\/gameservercentral.eu\/es\/general\/we-are-going-public-free-24-hour-gameservers-continue\/\">25 de octubre de 2025<\/a><\/time><\/div>\n\n\n<p class=\"has-contrast-2-color has-text-color\">\u2014<\/p>\n\n\n<div class=\"taxonomy-category wp-block-post-terms\"><span class=\"wp-block-post-terms__prefix\">en <\/span><a href=\"https:\/\/gameservercentral.eu\/es\/category\/general\/\" rel=\"tag\">general<\/a><\/div><\/div>\n<\/div>\n<\/div>\n\n<div class=\"wp-block-post-excerpt has-small-font-size\"><p class=\"wp-block-post-excerpt__excerpt\">Tras varios meses de duro trabajo, cuidadosa planificaci\u00f3n e inestimables comentarios de nuestros primeros usuarios, nos enorgullece anunciar la finalizaci\u00f3n con \u00e9xito de nuestro proyecto cerrado <a href=\"https:\/\/gameservercentral.eu\/es\/early-access\/\">acceso anticipado<\/a> programa. Con unos resultados s\u00f3lidos y una comunidad incre\u00edblemente solidaria, estamos encantados de abrir oficialmente al p\u00fablico nuestros innovadores servicios de alojamiento de servidores de juegos. Desde el Acceso Temprano a... <\/p><\/div><\/div>\n\n<\/li><li class=\"wp-block-post post-9751 post type-post status-publish format-standard has-post-thumbnail hentry category-general\">\n<figure style=\"aspect-ratio:3\/2; margin-bottom:var(--wp--preset--spacing--20);\" class=\"wp-block-post-featured-image\"><a href=\"https:\/\/gameservercentral.eu\/es\/general\/we-support-modding-via-satisfactory-mod-manager\/\" target=\"_self\"><img loading=\"lazy\" decoding=\"async\" width=\"2048\" height=\"2048\" src=\"https:\/\/gameservercentral.eu\/wp-content\/uploads\/2025\/10\/f21f7a19-9d40-40da-bced-1b8f721361ed.jpg\" class=\"attachment-post-thumbnail size-post-thumbnail wp-post-image\" alt=\"Apoyamos el Modding a trav\u00e9s de Satisfactory Mod Manager\" style=\"width:100%;height:100%;object-fit:cover;\" srcset=\"https:\/\/gameservercentral.eu\/wp-content\/uploads\/2025\/10\/f21f7a19-9d40-40da-bced-1b8f721361ed.jpg 2048w, https:\/\/gameservercentral.eu\/wp-content\/uploads\/2025\/10\/f21f7a19-9d40-40da-bced-1b8f721361ed-300x300.jpg 300w, https:\/\/gameservercentral.eu\/wp-content\/uploads\/2025\/10\/f21f7a19-9d40-40da-bced-1b8f721361ed-1024x1024.jpg 1024w, https:\/\/gameservercentral.eu\/wp-content\/uploads\/2025\/10\/f21f7a19-9d40-40da-bced-1b8f721361ed-150x150.jpg 150w, https:\/\/gameservercentral.eu\/wp-content\/uploads\/2025\/10\/f21f7a19-9d40-40da-bced-1b8f721361ed-768x768.jpg 768w, https:\/\/gameservercentral.eu\/wp-content\/uploads\/2025\/10\/f21f7a19-9d40-40da-bced-1b8f721361ed-1536x1536.jpg 1536w, https:\/\/gameservercentral.eu\/wp-content\/uploads\/2025\/10\/f21f7a19-9d40-40da-bced-1b8f721361ed-12x12.jpg 12w, https:\/\/gameservercentral.eu\/wp-content\/uploads\/2025\/10\/f21f7a19-9d40-40da-bced-1b8f721361ed-75x75.jpg 75w, https:\/\/gameservercentral.eu\/wp-content\/uploads\/2025\/10\/f21f7a19-9d40-40da-bced-1b8f721361ed-24x24.jpg 24w, https:\/\/gameservercentral.eu\/wp-content\/uploads\/2025\/10\/f21f7a19-9d40-40da-bced-1b8f721361ed-36x36.jpg 36w, https:\/\/gameservercentral.eu\/wp-content\/uploads\/2025\/10\/f21f7a19-9d40-40da-bced-1b8f721361ed-48x48.jpg 48w, https:\/\/gameservercentral.eu\/wp-content\/uploads\/2025\/10\/f21f7a19-9d40-40da-bced-1b8f721361ed-600x600.jpg 600w, https:\/\/gameservercentral.eu\/wp-content\/uploads\/2025\/10\/f21f7a19-9d40-40da-bced-1b8f721361ed-100x100.jpg 100w, https:\/\/gameservercentral.eu\/wp-content\/uploads\/2025\/10\/f21f7a19-9d40-40da-bced-1b8f721361ed-50x50.jpg 50w, https:\/\/gameservercentral.eu\/wp-content\/uploads\/2025\/10\/f21f7a19-9d40-40da-bced-1b8f721361ed-64x64.jpg 64w\" sizes=\"auto, (max-width: 2048px) 100vw, 2048px\" \/><\/a><\/figure>\n\n\n<div class=\"wp-block-group is-vertical is-nowrap is-layout-flex wp-container-core-group-is-layout-9bc6ff26 wp-block-group-is-layout-flex\"><h2 style=\"margin-bottom:0;\" class=\"wp-block-post-title has-x-large-font-size\"><a href=\"https:\/\/gameservercentral.eu\/es\/general\/we-support-modding-via-satisfactory-mod-manager\/\" target=\"_self\">Apoyamos el Modding a trav\u00e9s de Satisfactory Mod Manager<\/a><\/h2>\n\n<div class=\"wp-block-template-part\">\n<div class=\"wp-block-group has-global-padding is-layout-constrained wp-block-group-is-layout-constrained\">\n<div class=\"wp-block-group is-content-justification-left is-layout-flex wp-container-core-group-is-layout-dfe8e91f wp-block-group-is-layout-flex\"><div class=\"wp-block-post-date\"><time datetime=\"2025-10-25T17:15:08+02:00\"><a href=\"https:\/\/gameservercentral.eu\/es\/general\/we-support-modding-via-satisfactory-mod-manager\/\">25 de octubre de 2025<\/a><\/time><\/div>\n\n\n<p class=\"has-contrast-2-color has-text-color\">\u2014<\/p>\n\n\n<div class=\"taxonomy-category wp-block-post-terms\"><span class=\"wp-block-post-terms__prefix\">en <\/span><a href=\"https:\/\/gameservercentral.eu\/es\/category\/general\/\" rel=\"tag\">general<\/a><\/div><\/div>\n<\/div>\n<\/div>\n\n<div class=\"wp-block-post-excerpt has-small-font-size\"><p class=\"wp-block-post-excerpt__excerpt\">Emocionantes noticias para los jugadores de Satisfactory: \u00a1nos enorgullece anunciar la compatibilidad validada con mods para los Servidores Dedicados Satisfactory, ahora perfectamente integrada con Satisfactory Mod Manager! Tanto si est\u00e1s deseando introducir nuevos mods creativos como afinar tus configuraciones de f\u00e1brica, modificar tu servidor de juego Satisfactory nunca ha sido tan f\u00e1cil, seguro y accesible con nuestra plataforma de alojamiento. F\u00e1cil... <\/p><\/div><\/div>\n\n<\/li><li class=\"wp-block-post post-9617 post type-post status-publish format-standard has-post-thumbnail hentry category-self-hosting\">\n<figure style=\"aspect-ratio:3\/2; margin-bottom:var(--wp--preset--spacing--20);\" class=\"wp-block-post-featured-image\"><a href=\"https:\/\/gameservercentral.eu\/es\/self-hosting\/how-to-setup-a-satisfactory-dedicated-server-with-steam\/\" target=\"_self\"><img loading=\"lazy\" decoding=\"async\" width=\"1920\" height=\"1080\" src=\"https:\/\/gameservercentral.eu\/wp-content\/uploads\/2025\/01\/satisfactory.webp\" class=\"attachment-post-thumbnail size-post-thumbnail wp-post-image\" alt=\"C\u00f3mo configurar un servidor dedicado satisfactorio\" style=\"width:100%;height:100%;object-fit:cover;\" srcset=\"https:\/\/gameservercentral.eu\/wp-content\/uploads\/2025\/01\/satisfactory.webp 1920w, https:\/\/gameservercentral.eu\/wp-content\/uploads\/2025\/01\/satisfactory-600x338.webp 600w, https:\/\/gameservercentral.eu\/wp-content\/uploads\/2025\/01\/satisfactory-64x36.webp 64w, https:\/\/gameservercentral.eu\/wp-content\/uploads\/2025\/01\/satisfactory-300x169.webp 300w, https:\/\/gameservercentral.eu\/wp-content\/uploads\/2025\/01\/satisfactory-1024x576.webp 1024w, https:\/\/gameservercentral.eu\/wp-content\/uploads\/2025\/01\/satisfactory-768x432.webp 768w, https:\/\/gameservercentral.eu\/wp-content\/uploads\/2025\/01\/satisfactory-1536x864.webp 1536w, https:\/\/gameservercentral.eu\/wp-content\/uploads\/2025\/01\/satisfactory-1320x743.webp 1320w\" sizes=\"auto, (max-width: 1920px) 100vw, 1920px\" \/><\/a><\/figure>\n\n\n<div class=\"wp-block-group is-vertical is-nowrap is-layout-flex wp-container-core-group-is-layout-9bc6ff26 wp-block-group-is-layout-flex\"><h2 style=\"margin-bottom:0;\" class=\"wp-block-post-title has-x-large-font-size\"><a href=\"https:\/\/gameservercentral.eu\/es\/self-hosting\/how-to-setup-a-satisfactory-dedicated-server-with-steam\/\" target=\"_self\">C\u00f3mo configurar un servidor dedicado satisfactorio<\/a><\/h2>\n\n<div class=\"wp-block-template-part\">\n<div class=\"wp-block-group has-global-padding is-layout-constrained wp-block-group-is-layout-constrained\">\n<div class=\"wp-block-group is-content-justification-left is-layout-flex wp-container-core-group-is-layout-dfe8e91f wp-block-group-is-layout-flex\"><div class=\"wp-block-post-date\"><time datetime=\"2025-10-11T16:24:33+02:00\"><a href=\"https:\/\/gameservercentral.eu\/es\/self-hosting\/how-to-setup-a-satisfactory-dedicated-server-with-steam\/\">11 de octubre de 2025<\/a><\/time><\/div>\n\n\n<p class=\"has-contrast-2-color has-text-color\">\u2014<\/p>\n\n\n<div class=\"taxonomy-category wp-block-post-terms\"><span class=\"wp-block-post-terms__prefix\">en <\/span><a href=\"https:\/\/gameservercentral.eu\/es\/category\/self-hosting\/\" rel=\"tag\">autoalojamiento<\/a><\/div><\/div>\n<\/div>\n<\/div>\n\n<div class=\"wp-block-post-excerpt has-small-font-size\"><p class=\"wp-block-post-excerpt__excerpt\">Ejecutar un servidor dedicado de Satisfactory con Docker: la soluci\u00f3n de alojamiento moderna Para los fans de Satisfactory, el \u00e9xito de construcci\u00f3n de f\u00e1bricas de Coffee Stain Studios, el multijugador se disfruta mejor en un servidor estable y persistente. Tradicionalmente, configurar un servidor dedicado satisfactorio pod\u00eda llevar mucho tiempo, pero Docker ha cambiado las reglas del juego. Te mostramos c\u00f3mo configurar un servidor... <\/p><\/div><\/div>\n\n<\/li><li class=\"wp-block-post post-407 post type-post status-publish format-standard has-post-thumbnail hentry category-general\">\n<figure style=\"aspect-ratio:3\/2; margin-bottom:var(--wp--preset--spacing--20);\" class=\"wp-block-post-featured-image\"><a href=\"https:\/\/gameservercentral.eu\/es\/general\/announcing-the-first-closed-alpha-for-our-new-controlpanel\/\" target=\"_self\"><img loading=\"lazy\" decoding=\"async\" width=\"1024\" height=\"1024\" src=\"https:\/\/gameservercentral.eu\/wp-content\/uploads\/2025\/02\/GameServerCentral-closed-alpha-announcement-without-dates.jpg\" class=\"attachment-post-thumbnail size-post-thumbnail wp-post-image\" alt=\"Anunciamos la primera fase alfa cerrada de nuestro nuevo panel de control.\" style=\"width:100%;height:100%;object-fit:cover;\" srcset=\"https:\/\/gameservercentral.eu\/wp-content\/uploads\/2025\/02\/GameServerCentral-closed-alpha-announcement-without-dates.jpg 1024w, https:\/\/gameservercentral.eu\/wp-content\/uploads\/2025\/02\/GameServerCentral-closed-alpha-announcement-without-dates-100x100.jpg 100w, https:\/\/gameservercentral.eu\/wp-content\/uploads\/2025\/02\/GameServerCentral-closed-alpha-announcement-without-dates-600x600.jpg 600w, https:\/\/gameservercentral.eu\/wp-content\/uploads\/2025\/02\/GameServerCentral-closed-alpha-announcement-without-dates-64x64.jpg 64w, https:\/\/gameservercentral.eu\/wp-content\/uploads\/2025\/02\/GameServerCentral-closed-alpha-announcement-without-dates-300x300.jpg 300w, https:\/\/gameservercentral.eu\/wp-content\/uploads\/2025\/02\/GameServerCentral-closed-alpha-announcement-without-dates-150x150.jpg 150w, https:\/\/gameservercentral.eu\/wp-content\/uploads\/2025\/02\/GameServerCentral-closed-alpha-announcement-without-dates-768x768.jpg 768w, https:\/\/gameservercentral.eu\/wp-content\/uploads\/2025\/02\/GameServerCentral-closed-alpha-announcement-without-dates-12x12.jpg 12w, https:\/\/gameservercentral.eu\/wp-content\/uploads\/2025\/02\/GameServerCentral-closed-alpha-announcement-without-dates-50x50.jpg 50w\" sizes=\"auto, (max-width: 1024px) 100vw, 1024px\" \/><\/a><\/figure>\n\n\n<div class=\"wp-block-group is-vertical is-nowrap is-layout-flex wp-container-core-group-is-layout-9bc6ff26 wp-block-group-is-layout-flex\"><h2 style=\"margin-bottom:0;\" class=\"wp-block-post-title has-x-large-font-size\"><a href=\"https:\/\/gameservercentral.eu\/es\/general\/announcing-the-first-closed-alpha-for-our-new-controlpanel\/\" target=\"_self\">Anunciamos la primera fase alfa cerrada de nuestro nuevo panel de control.<\/a><\/h2>\n\n<div class=\"wp-block-template-part\">\n<div class=\"wp-block-group has-global-padding is-layout-constrained wp-block-group-is-layout-constrained\">\n<div class=\"wp-block-group is-content-justification-left is-layout-flex wp-container-core-group-is-layout-dfe8e91f wp-block-group-is-layout-flex\"><div class=\"wp-block-post-date\"><time datetime=\"2025-08-14T12:46:59+02:00\"><a href=\"https:\/\/gameservercentral.eu\/es\/general\/announcing-the-first-closed-alpha-for-our-new-controlpanel\/\">14 de agosto de 2025<\/a><\/time><\/div>\n\n\n<p class=\"has-contrast-2-color has-text-color\">\u2014<\/p>\n\n\n<div class=\"taxonomy-category wp-block-post-terms\"><span class=\"wp-block-post-terms__prefix\">en <\/span><a href=\"https:\/\/gameservercentral.eu\/es\/category\/general\/\" rel=\"tag\">general<\/a><\/div><\/div>\n<\/div>\n<\/div>\n\n<div class=\"wp-block-post-excerpt has-small-font-size\"><p class=\"wp-block-post-excerpt__excerpt\">Estimada comunidad de GameServerCentral: \u00a1Estamos encantados de anunciar el lanzamiento de la primera alfa cerrada de nuestro flamante panel de control! Se trata de un emocionante paso adelante en nuestra misi\u00f3n de proporcionarte la mejor experiencia posible en la gesti\u00f3n de servidores de juegos. \u00bfQu\u00e9 es la Alfa cerrada? La alfa cerrada ofrecer\u00e1 a un grupo selecto de... <\/p><\/div><\/div>\n\n<\/li><li class=\"wp-block-post post-297 post type-post status-publish format-standard has-post-thumbnail hentry category-general\">\n<figure style=\"aspect-ratio:3\/2; margin-bottom:var(--wp--preset--spacing--20);\" class=\"wp-block-post-featured-image\"><a href=\"https:\/\/gameservercentral.eu\/es\/general\/exciting-news-free-24-hour-gameservers-during-early-access\/\" target=\"_self\"><img loading=\"lazy\" decoding=\"async\" width=\"1024\" height=\"1024\" src=\"https:\/\/gameservercentral.eu\/wp-content\/uploads\/2025\/01\/24-hour-Satisfactory-dedicated-server-beta-early-access.jpg\" class=\"attachment-post-thumbnail size-post-thumbnail wp-post-image\" alt=\"Noticias emocionantes: \u00a1Servidores gratuitos las 24 horas del d\u00eda durante el acceso anticipado!\" style=\"width:100%;height:100%;object-fit:cover;\" srcset=\"https:\/\/gameservercentral.eu\/wp-content\/uploads\/2025\/01\/24-hour-Satisfactory-dedicated-server-beta-early-access.jpg 1024w, https:\/\/gameservercentral.eu\/wp-content\/uploads\/2025\/01\/24-hour-Satisfactory-dedicated-server-beta-early-access-100x100.jpg 100w, https:\/\/gameservercentral.eu\/wp-content\/uploads\/2025\/01\/24-hour-Satisfactory-dedicated-server-beta-early-access-600x600.jpg 600w, https:\/\/gameservercentral.eu\/wp-content\/uploads\/2025\/01\/24-hour-Satisfactory-dedicated-server-beta-early-access-64x64.jpg 64w, https:\/\/gameservercentral.eu\/wp-content\/uploads\/2025\/01\/24-hour-Satisfactory-dedicated-server-beta-early-access-300x300.jpg 300w, https:\/\/gameservercentral.eu\/wp-content\/uploads\/2025\/01\/24-hour-Satisfactory-dedicated-server-beta-early-access-150x150.jpg 150w, https:\/\/gameservercentral.eu\/wp-content\/uploads\/2025\/01\/24-hour-Satisfactory-dedicated-server-beta-early-access-768x768.jpg 768w\" sizes=\"auto, (max-width: 1024px) 100vw, 1024px\" \/><\/a><\/figure>\n\n\n<div class=\"wp-block-group is-vertical is-nowrap is-layout-flex wp-container-core-group-is-layout-9bc6ff26 wp-block-group-is-layout-flex\"><h2 style=\"margin-bottom:0;\" class=\"wp-block-post-title has-x-large-font-size\"><a href=\"https:\/\/gameservercentral.eu\/es\/general\/exciting-news-free-24-hour-gameservers-during-early-access\/\" target=\"_self\">Noticias emocionantes: \u00a1Servidores gratuitos las 24 horas del d\u00eda durante el acceso anticipado!<\/a><\/h2>\n\n<div class=\"wp-block-template-part\">\n<div class=\"wp-block-group has-global-padding is-layout-constrained wp-block-group-is-layout-constrained\">\n<div class=\"wp-block-group is-content-justification-left is-layout-flex wp-container-core-group-is-layout-dfe8e91f wp-block-group-is-layout-flex\"><div class=\"wp-block-post-date\"><time datetime=\"2025-08-02T00:54:00+02:00\"><a href=\"https:\/\/gameservercentral.eu\/es\/general\/exciting-news-free-24-hour-gameservers-during-early-access\/\">2 de agosto de 2025<\/a><\/time><\/div>\n\n\n<p class=\"has-contrast-2-color has-text-color\">\u2014<\/p>\n\n\n<div class=\"taxonomy-category wp-block-post-terms\"><span class=\"wp-block-post-terms__prefix\">en <\/span><a href=\"https:\/\/gameservercentral.eu\/es\/category\/general\/\" rel=\"tag\">general<\/a><\/div><\/div>\n<\/div>\n<\/div>\n\n<div class=\"wp-block-post-excerpt has-small-font-size\"><p class=\"wp-block-post-excerpt__excerpt\">Nos complace anunciar que nuestro servidor de juegos de 24 horas estar\u00e1 disponible gratuitamente como parte de nuestro programa beta de acceso anticipado. Esta oferta por tiempo limitado te permite probar nuestros servidores de alto rendimiento antes de que salgan al mercado. No te pierdas esta oportunidad exclusiva de experimentar un juego fluido y un rendimiento s\u00f3lido sin coste alguno. En gameservercentral.eu,... <\/p><\/div><\/div>\n\n<\/li><li class=\"wp-block-post post-327 post type-post status-publish format-standard hentry category-general\">\n\n\n\n<div class=\"wp-block-group is-vertical is-nowrap is-layout-flex wp-container-core-group-is-layout-9bc6ff26 wp-block-group-is-layout-flex\"><h2 style=\"margin-bottom:0;\" class=\"wp-block-post-title has-x-large-font-size\"><a href=\"https:\/\/gameservercentral.eu\/es\/general\/website-is-now-live\/\" target=\"_self\">El sitio web ya est\u00e1 activo<\/a><\/h2>\n\n<div class=\"wp-block-template-part\">\n<div class=\"wp-block-group has-global-padding is-layout-constrained wp-block-group-is-layout-constrained\">\n<div class=\"wp-block-group is-content-justification-left is-layout-flex wp-container-core-group-is-layout-dfe8e91f wp-block-group-is-layout-flex\"><div class=\"wp-block-post-date\"><time datetime=\"2025-07-27T19:17:08+02:00\"><a href=\"https:\/\/gameservercentral.eu\/es\/general\/website-is-now-live\/\">27 de julio de 2025<\/a><\/time><\/div>\n\n\n<p class=\"has-contrast-2-color has-text-color\">\u2014<\/p>\n\n\n<div class=\"taxonomy-category wp-block-post-terms\"><span class=\"wp-block-post-terms__prefix\">en <\/span><a href=\"https:\/\/gameservercentral.eu\/es\/category\/general\/\" rel=\"tag\">general<\/a><\/div><\/div>\n<\/div>\n<\/div>\n\n<div class=\"wp-block-post-excerpt has-small-font-size\"><p class=\"wp-block-post-excerpt__excerpt\">\u00a1Hola, compa\u00f1eros jugadores y entusiastas de los servidores! Estamos muy contentos de anunciar que GameServerCentral ya est\u00e1 oficialmente en funcionamiento. \ud83c\udf89 Explora nuestras funciones Nuestro equipo ha trabajado duro para ofrecerte una plataforma que revolucionar\u00e1 tu forma de gestionar e interactuar con los servidores de juegos. Aqu\u00ed tienes un adelanto de lo que puedes esperar: \u00danete... <\/p><\/div><\/div>\n\n<\/li><\/ul>\n\n\n<div style=\"margin-top:0;margin-bottom:0;height:var(--wp--preset--spacing--50)\" aria-hidden=\"true\" class=\"wp-block-spacer\"><\/div>\n\n\n<\/div>\n<\/div>","protected":false},"excerpt":{"rendered":"<p>Mantente al d\u00eda de las \u00faltimas noticias y anuncios \u00a1Bienvenido a nuestra p\u00e1gina de Noticias! Aqu\u00ed encontrar\u00e1s las \u00faltimas actualizaciones, anuncios y emocionantes novedades de GameServerCentral. Mantente informado sobre nuevas funciones, pr\u00f3ximos eventos y cambios importantes que mejorar\u00e1n tu experiencia de juego. No dejes de visitarnos con regularidad para conocer las noticias y novedades m\u00e1s recientes.<\/p>","protected":false},"author":1,"featured_media":0,"parent":0,"menu_order":0,"comment_status":"closed","ping_status":"closed","template":"","meta":{"footnotes":""},"class_list":["post-454","page","type-page","status-publish","hentry"],"_links":{"self":[{"href":"https:\/\/gameservercentral.eu\/es\/wp-json\/wp\/v2\/pages\/454","targetHints":{"allow":["GET"]}}],"collection":[{"href":"https:\/\/gameservercentral.eu\/es\/wp-json\/wp\/v2\/pages"}],"about":[{"href":"https:\/\/gameservercentral.eu\/es\/wp-json\/wp\/v2\/types\/page"}],"author":[{"embeddable":true,"href":"https:\/\/gameservercentral.eu\/es\/wp-json\/wp\/v2\/users\/1"}],"replies":[{"embeddable":true,"href":"https:\/\/gameservercentral.eu\/es\/wp-json\/wp\/v2\/comments?post=454"}],"version-history":[{"count":0,"href":"https:\/\/gameservercentral.eu\/es\/wp-json\/wp\/v2\/pages\/454\/revisions"}],"wp:attachment":[{"href":"https:\/\/gameservercentral.eu\/es\/wp-json\/wp\/v2\/media?parent=454"}],"curies":[{"name":"wp","href":"https:\/\/api.w.org\/{rel}","templated":true}]}}