{"id":6297,"date":"2025-10-09T09:36:56","date_gmt":"2025-10-09T07:36:56","guid":{"rendered":"https:\/\/gameservercentral.eu\/?post_type=product&#038;p=6297"},"modified":"2026-01-25T16:37:43","modified_gmt":"2026-01-25T15:37:43","slug":"7-tage-bis-zum-tod-dediziertes-server-hosting","status":"publish","type":"product","link":"https:\/\/gameservercentral.eu\/de\/shop\/7-days-to-die-dedicated-server-hosting\/","title":{"rendered":"7 Days to Die Dedicated Server Hosting"},"content":{"rendered":"<h2>7 Tage bis zum Tod Dedicated Server Hosting - skalierbar, sicher und in Minutenschnelle bereit<\/h2>\n<p><strong>\u00dcberlebe die Apokalypse mit dem erstklassigen 7 Days to Die Server-Hosting f\u00fcr ernsthafte Gamer.<\/strong> Egal, ob Sie alleine gegen Horden k\u00e4mpfen oder sich mit Freunden zusammenschlie\u00dfen, unsere dedizierten Server bieten un\u00fcbertroffene Leistung, sofortige Einrichtung und volle Kontrolle.<\/p>\n<h3>Wesentliche Merkmale<\/h3>\n<ul>\n<li><strong>Sofortige Bereitstellung<\/strong> - Ihr Server ist innerhalb weniger Minuten nach dem Kauf online.<\/li>\n<li><strong>Engagierte Ressourcen<\/strong> - Kein gemeinsames Hosting. Genie\u00dfen Sie konsistente Leistung und niedrige Latenzzeiten.<\/li>\n<li><strong>Flexible Laufzeiten<\/strong> - Prepaid-Optionen ab 24 Stunden. Keine Abonnements. Keine Verpflichtungen.<\/li>\n<li><strong>Volle Mod-Unterst\u00fctzung<\/strong> - Passen Sie Ihr Gameplay mit Mods, Karten und serverseitigen Optimierungen an.<\/li>\n<li><strong>Zugang zum Bedienfeld<\/strong> - Verwalten Sie m\u00fchelos Servereinstellungen, Backups und Spielerberechtigungen.<\/li>\n<li><strong>DDoS-Schutz<\/strong> - Bleiben Sie online und sicher, auch bei hohem Datenverkehr oder gezielten Angriffen.<\/li>\n<li><strong>Dauerhaft gespeicherte Daten<\/strong> - Ihre Welt bleibt nach Ablauf der Frist 14 Tage lang erhalten und kann jederzeit wieder aufgenommen werden.<\/li>\n<\/ul>\n<h3>Gebaut f\u00fcr Europa, angetrieben von Tier 4 Infrastruktur<\/h3>\n<p>Unsere Infrastruktur wird in erstklassigen EU-Rechenzentren mit einer Netzwerkkapazit\u00e4t von 1 Gbit\/s pro Server gehostet und sorgt f\u00fcr reibungsloses Gameplay, schnelle Downloads und zuverl\u00e4ssige Betriebszeiten. Egal, ob Sie Navezgane erkunden oder Ihre eigene Festung bauen, Ihr Server bleibt reaktionsschnell und belastbar.<\/p>\n<h3>Warum GameServerCentral w\u00e4hlen?<\/h3>\n<ul>\n<li><strong><a href=\"https:\/\/gameservercentral.eu\/de\/early-access\/\">Fr\u00fcher Zugang<\/a> Verg\u00fcnstigungen<\/strong> - Genie\u00dfen Sie kostenlose 24-Stunden-Testversionen und exklusive Funktionen w\u00e4hrend unserer Einf\u00fchrungsphase.<\/li>\n<li><strong>Anpassbare Stufen<\/strong> - W\u00e4hlen Sie die Hardware und Optionen, die zu Ihrem Spielstil passen.<\/li>\n<li><strong>Von der Gemeinschaft gesteuert<\/strong> - Wir h\u00f6ren zu, passen uns an und entwickeln uns auf der Grundlage Ihres Feedbacks weiter.<\/li>\n<\/ul>","protected":false},"excerpt":{"rendered":"<p>Hosten Sie Ihre Survival-Sandbox mit pr\u00e4zisionsgefertigten dedizierten 7 Days to Die-Servern, die f\u00fcr Ausfallsicherheit, Anpassung und nahtlose Multiplayer-Action entwickelt wurden. Egal, ob Sie eine private Basis mit Freunden befestigen oder eine \u00f6ffentliche Horde herausfordern, unsere Hosting-L\u00f6sung bietet un\u00fcbertroffene Kontrolle, Leistung und Skalierbarkeit, zugeschnitten auf die einzigartigen Anforderungen von 7 Days to Die.<\/p>","protected":false},"featured_media":6343,"comment_status":"open","ping_status":"closed","template":"","meta":[],"product_brand":[],"product_cat":[29,69],"product_tag":[],"class_list":{"0":"post-6297","1":"product","2":"type-product","3":"status-publish","4":"has-post-thumbnail","6":"product_cat-pre-paid-game-server","7":"product_cat-survival-games","9":"first","10":"instock","11":"sale","12":"shipping-taxable","13":"purchasable","14":"product-type-variable"},"_links":{"self":[{"href":"https:\/\/gameservercentral.eu\/de\/wp-json\/wp\/v2\/product\/6297","targetHints":{"allow":["GET"]}}],"collection":[{"href":"https:\/\/gameservercentral.eu\/de\/wp-json\/wp\/v2\/product"}],"about":[{"href":"https:\/\/gameservercentral.eu\/de\/wp-json\/wp\/v2\/types\/product"}],"replies":[{"embeddable":true,"href":"https:\/\/gameservercentral.eu\/de\/wp-json\/wp\/v2\/comments?post=6297"}],"wp:featuredmedia":[{"embeddable":true,"href":"https:\/\/gameservercentral.eu\/de\/wp-json\/wp\/v2\/media\/6343"}],"wp:attachment":[{"href":"https:\/\/gameservercentral.eu\/de\/wp-json\/wp\/v2\/media?parent=6297"}],"wp:term":[{"taxonomy":"product_brand","embeddable":true,"href":"https:\/\/gameservercentral.eu\/de\/wp-json\/wp\/v2\/product_brand?post=6297"},{"taxonomy":"product_cat","embeddable":true,"href":"https:\/\/gameservercentral.eu\/de\/wp-json\/wp\/v2\/product_cat?post=6297"},{"taxonomy":"product_tag","embeddable":true,"href":"https:\/\/gameservercentral.eu\/de\/wp-json\/wp\/v2\/product_tag?post=6297"}],"curies":[{"name":"wp","href":"https:\/\/api.w.org\/{rel}","templated":true}]}}