{"id":332,"date":"2025-01-27T19:48:26","date_gmt":"2025-01-27T18:48:26","guid":{"rendered":"https:\/\/gameservercentral.eu\/?post_type=product&#038;p=332"},"modified":"2025-10-29T17:34:45","modified_gmt":"2025-10-29T16:34:45","slug":"rust-dedicated-server","status":"publish","type":"product","link":"https:\/\/gameservercentral.eu\/de\/shop\/rust-dedicated-server\/","title":{"rendered":"Dedizierter Server Rust"},"content":{"rendered":"<h2>Erlebe die ultimative Rust-Spielumgebung<\/h2>\n<p>Willkommen bei GameServerCentral, wo wir erstklassige dedizierte Server f\u00fcr deine Rust-Spielbed\u00fcrfnisse anbieten. Unsere Rust Dedicated Server bieten unvergleichliche Leistung, Zuverl\u00e4ssigkeit und Anpassungsm\u00f6glichkeiten, damit du das bestm\u00f6gliche Spielerlebnis hast.<\/p>\n<p><strong>Hauptmerkmale:<\/strong><\/p>\n<ul>\n<li><strong>Leistungsstark<\/strong>: Unsere Server sind mit der neuesten Hardware ausgestattet, um einen reibungslosen und verz\u00f6gerungsfreien Spielablauf zu gew\u00e4hrleisten.<\/li>\n<li><strong>Volle Kontrolle<\/strong>: Du hast die volle Kontrolle \u00fcber deine Servereinstellungen, Mods und Konfigurationen, um das Spiel an deine Vorlieben anzupassen.<\/li>\n<li><strong>24\/7 Betriebszeit<\/strong>: Unsere Server werden rund um die Uhr \u00fcberwacht, um maximale Betriebszeit und minimale Unterbrechungen zu gew\u00e4hrleisten.<\/li>\n<li><strong>DDoS-Schutz<\/strong>: Wir bieten robusten DDoS-Schutz, um deinen Server vor Angriffen zu sch\u00fctzen und einen unterbrechungsfreien Spielbetrieb zu gew\u00e4hrleisten.<\/li>\n<li><strong>Sofortige Einrichtung<\/strong>: Mit unserem benutzerfreundlichen Einrichtungsprozess kannst du deinen Server in wenigen Minuten einrichten und in Betrieb nehmen.<\/li>\n<li><strong>Skalierbare Ressourcen<\/strong>: Wenn deine Gemeinschaft w\u00e4chst und die Anforderungen steigen, kannst du deine Serverressourcen ganz einfach erweitern.<\/li>\n<li><strong>Engagierte Unterst\u00fctzung<\/strong>: Unser fachkundiges Support-Team steht dir rund um die Uhr zur Verf\u00fcgung und hilft dir bei allen Problemen und Fragen.<\/li>\n<\/ul>\n<p><strong>Warum GameServerCentral w\u00e4hlen?<\/strong><\/p>\n<p>Wir von GameServerCentral sind bestrebt, unseren Nutzern das beste Spielerlebnis zu bieten. Unsere Rust Dedicated Server sind so konzipiert, dass sie sowohl die Bed\u00fcrfnisse von Gelegenheits- als auch von Hardcore-Gamern erf\u00fcllen und eine reibungslose und angenehme Spielumgebung bieten. Ganz gleich, ob du eine kleine Gruppe von Freunden oder eine gro\u00dfe Spielergemeinschaft betreust, unsere Server sind f\u00fcr alles ger\u00fcstet.<\/p>\n<p><strong>Beginne heute<\/strong><\/p>\n<p>Tritt der GameServerCentral Community bei und bringe dein Rust-Spielerlebnis auf die n\u00e4chste Stufe. Melde dich f\u00fcr unseren Rust Dedicated Server an und genie\u00dfe die ultimative Spielumgebung mit un\u00fcbertroffener Leistung und Zuverl\u00e4ssigkeit.<\/p>","protected":false},"excerpt":{"rendered":"<p>Willkommen bei GameServerCentral, wo wir erstklassige dedizierte Server f\u00fcr deine Rust-Spielbed\u00fcrfnisse anbieten. Unsere Rust Dedicated Server bieten unvergleichliche Leistung, Zuverl\u00e4ssigkeit und Anpassungsm\u00f6glichkeiten, damit du das bestm\u00f6gliche Spielerlebnis hast.<\/p>","protected":false},"featured_media":525,"comment_status":"open","ping_status":"closed","template":"","meta":[],"product_brand":[],"product_cat":[29],"product_tag":[],"class_list":{"0":"post-332","1":"product","2":"type-product","3":"status-publish","4":"has-post-thumbnail","6":"product_cat-pre-paid-game-server","8":"first","9":"outofstock","10":"sold-individually","11":"shipping-taxable","12":"product-type-variable"},"_links":{"self":[{"href":"https:\/\/gameservercentral.eu\/de\/wp-json\/wp\/v2\/product\/332","targetHints":{"allow":["GET"]}}],"collection":[{"href":"https:\/\/gameservercentral.eu\/de\/wp-json\/wp\/v2\/product"}],"about":[{"href":"https:\/\/gameservercentral.eu\/de\/wp-json\/wp\/v2\/types\/product"}],"replies":[{"embeddable":true,"href":"https:\/\/gameservercentral.eu\/de\/wp-json\/wp\/v2\/comments?post=332"}],"wp:featuredmedia":[{"embeddable":true,"href":"https:\/\/gameservercentral.eu\/de\/wp-json\/wp\/v2\/media\/525"}],"wp:attachment":[{"href":"https:\/\/gameservercentral.eu\/de\/wp-json\/wp\/v2\/media?parent=332"}],"wp:term":[{"taxonomy":"product_brand","embeddable":true,"href":"https:\/\/gameservercentral.eu\/de\/wp-json\/wp\/v2\/product_brand?post=332"},{"taxonomy":"product_cat","embeddable":true,"href":"https:\/\/gameservercentral.eu\/de\/wp-json\/wp\/v2\/product_cat?post=332"},{"taxonomy":"product_tag","embeddable":true,"href":"https:\/\/gameservercentral.eu\/de\/wp-json\/wp\/v2\/product_tag?post=332"}],"curies":[{"name":"wp","href":"https:\/\/api.w.org\/{rel}","templated":true}]}}