{"id":20,"date":"2025-01-03T08:07:42","date_gmt":"2025-01-03T07:07:42","guid":{"rendered":"https:\/\/gameservercentral.eu\/?post_type=product&#038;p=20"},"modified":"2025-12-28T17:23:10","modified_gmt":"2025-12-28T16:23:10","slug":"zufriedenstellendes-dedicated-server-hosting","status":"publish","type":"product","link":"https:\/\/gameservercentral.eu\/de\/shop\/satisfactory-dedicated-server-hosting\/","title":{"rendered":"Satisfactory Dedicated Server Hosting"},"content":{"rendered":"<div id=\"wvwMR7g2xEbhLjHDkWDcS-user-message\" tabindex=\"0\" role=\"article\" data-tabster=\"{&quot;groupper&quot;:{&quot;tabbability&quot;:2},&quot;focusable&quot;:{}}\" aria-labelledby=\"wvwMR7g2xEbhLjHDkWDcS-user-message\">\n<div class=\"flex w-full flex-col items-end\" data-content=\"user-message\">\n<p>Entwickelt von echten Game-Server-Betreibern bietet GameServerCentral\u2019s dedizierter Satisfactory-Server eine reibungslose, leistungsorientierte Heimat f\u00fcr deine Fabrik. Mit nur einem Klick richtest du deinen Satisfactory-Server ein, profitierst von zuverl\u00e4ssiger Steam Workshop-Mod-Unterst\u00fctzung, SSD-gesicherten Spielst\u00e4nden mit einfacher Wiederherstellung und unkomplizierten Ressourcen-Upgrades \u2013 damit deine Welt auch beim Wachstum stabil bleibt. Im Gegensatz zu generischen Hosting-Anbietern konzentrieren wir uns ausschlie\u00dflich auf das, was Satisfactory-Spieler wirklich brauchen: schnellere Einrichtung, \u00fcbersichtliche Serversteuerung und ehrliches, schn\u00f6rkelloses Management. So verbringst du deine Zeit mit dem Bauen \u2013 nicht mit Fehlersuche.\n\nMiete einen Satisfactory-Server, der einfach funktioniert.<\/p>\n<p>Hoste deine Fabrik und Freunde auf GameServerCentral mit einem zuverl\u00e4ssigen, einfach zu verwaltenden Satisfactory-Server \u2013 entwickelt f\u00fcr dauerhaftes Multiplayer-Erlebnis. Ob du eine schnelle Server-Einrichtung f\u00fcr ein privates Co-op suchst oder den besten dedizierten Satisfactory-Server f\u00fcr eine wachsende Community brauchst: Unsere L\u00f6sung unterst\u00fctzt Steam Workshop-Mods, schnelle SSD-Speicherung und eine intuitive Steuerung, damit du mehr Zeit mit dem Bauen und weniger mit der Administration verbringst.<\/p>\n<ul>\n<li><strong>M\u00fchelose Einrichtung und einfache Verwaltung<\/strong> \u2014 Erhalte ein vollst\u00e4ndiges Satisfactory-Server-Setup mit One-Click-Start\/Stopp, einfachen Konfigurations\u00e4nderungen und klarer Steuerung \u2013 ideal f\u00fcr dediziertes Hosting oder die Integration mit Steam.<\/li>\n<li><strong>Mod- und Workshop-kompatibel<\/strong> - Direkte Unterst\u00fctzung f\u00fcr Steam Workshop, Satisfactory Mod Manager und manuelle Mod-Installationen, damit dein gehosteter Server genau so l\u00e4uft, wie du es dir w\u00fcnschst, einschlie\u00dflich experimenteller Mod-Tests f\u00fcr eine zufriedenstellende experimentelle Umgebung f\u00fcr dedizierte Server.<\/li>\n<li><strong>Sichere, dauerhafte Spielst\u00e4nde und Backups<\/strong> \u2014 Automatisiertes Savegame Management und konfigurierbare Backups sch\u00fctzen den langfristigen Fortschritt auf deinem dedizierten Satisfactory-Multiplayer-Server und erm\u00f6glichen einfache Rollbacks.<\/li>\n<li><strong>Leistungsoptimiert und flexibel skalierbar<\/strong> \u2014 Optimierte Ressourcenoptionen f\u00fcr kleine Co-op-Gruppen bis hin zu gro\u00dfen Communities \u2013 miete passende Satisfactory-Serverkapazit\u00e4ten oder skaliere deinen dedizierten Server flexibel mit wachsender Spielerzahl.<\/li>\n<li><strong>Regionale Serverstandorte und latenzarmes Gameplay<\/strong> \u2014W\u00e4hle die Serverstandorte gezielt aus, um den Ping zu minimieren und ein fl\u00fcssiges Multiplayer-Erlebnis auf deinem dedizierten Satisfactory-Server zu gew\u00e4hrleisten \u2013 egal ob du eine Linux-Instanz oder ein klassisches gehostetes Setup bevorzugst.<\/li>\n<\/ul>\n<p>Ideal f\u00fcr Spieler, die ein unkompliziertes oder leistungsstarkes Satisfactory-Server-Hosting suchen: GameServerCentral erm\u00f6glicht eine schnelle und zuverl\u00e4ssige Einrichtung dedizierter Satisfactory-Server f\u00fcr ein reibungsloses Multiplayer-Erlebnis. Ob f\u00fcr private Co-op-Sessions oder wachsende Communities \u2013 unsere L\u00f6sung bietet einfache Verwaltung, stabile Performance und maximale Spielzufriedenheit.<\/p>\n<\/div>\n<\/div>","protected":false},"excerpt":{"rendered":"<p>Erleben Sie zuverl\u00e4ssiges, latenzarmes Server-Hosting f\u00fcr Satisfactory \u2013 made in Germany. Unsere dedizierten Satisfactory-Server sind ideal f\u00fcr persistente Fabriken, kooperatives Gameplay und gro\u00df angelegte Builds. Mit stabiler Verf\u00fcgbarkeit, schnellen Tick-Raten und einer benutzerfreundlichen Oberfl\u00e4che zur Verwaltung von Spielst\u00e4nden, Mods und Spielerzugriffen bieten wir die perfekte L\u00f6sung f\u00fcr Communities, private Co-op-Gruppen und \u00f6ffentliche Server, bei denen Leistung und Zuverl\u00e4ssigkeit z\u00e4hlen.<\/p>\n<p>&nbsp;<\/p>","protected":false},"featured_media":523,"comment_status":"open","ping_status":"closed","template":"","meta":[],"product_brand":[],"product_cat":[29,69],"product_tag":[18,17],"class_list":{"0":"post-20","1":"product","2":"type-product","3":"status-publish","4":"has-post-thumbnail","6":"product_cat-pre-paid-game-server","7":"product_cat-survival-games","8":"product_tag-gameserver","9":"product_tag-satisfactory","11":"first","12":"instock","13":"featured","14":"sold-individually","15":"shipping-taxable","16":"purchasable","17":"product-type-variable"},"_links":{"self":[{"href":"https:\/\/gameservercentral.eu\/de\/wp-json\/wp\/v2\/product\/20","targetHints":{"allow":["GET"]}}],"collection":[{"href":"https:\/\/gameservercentral.eu\/de\/wp-json\/wp\/v2\/product"}],"about":[{"href":"https:\/\/gameservercentral.eu\/de\/wp-json\/wp\/v2\/types\/product"}],"replies":[{"embeddable":true,"href":"https:\/\/gameservercentral.eu\/de\/wp-json\/wp\/v2\/comments?post=20"}],"wp:featuredmedia":[{"embeddable":true,"href":"https:\/\/gameservercentral.eu\/de\/wp-json\/wp\/v2\/media\/523"}],"wp:attachment":[{"href":"https:\/\/gameservercentral.eu\/de\/wp-json\/wp\/v2\/media?parent=20"}],"wp:term":[{"taxonomy":"product_brand","embeddable":true,"href":"https:\/\/gameservercentral.eu\/de\/wp-json\/wp\/v2\/product_brand?post=20"},{"taxonomy":"product_cat","embeddable":true,"href":"https:\/\/gameservercentral.eu\/de\/wp-json\/wp\/v2\/product_cat?post=20"},{"taxonomy":"product_tag","embeddable":true,"href":"https:\/\/gameservercentral.eu\/de\/wp-json\/wp\/v2\/product_tag?post=20"}],"curies":[{"name":"wp","href":"https:\/\/api.w.org\/{rel}","templated":true}]}}