{"id":454,"date":"2025-02-03T17:49:19","date_gmt":"2025-02-03T16:49:19","guid":{"rendered":"https:\/\/gameservercentral.eu\/?page_id=454"},"modified":"2025-02-03T18:37:28","modified_gmt":"2025-02-03T17:37:28","slug":"nachrichten","status":"publish","type":"page","link":"https:\/\/gameservercentral.eu\/de\/news\/","title":{"rendered":"Neuigkeiten"},"content":{"rendered":"<h3 class=\"wp-block-heading\">Bleiben Sie \u00fcber die neuesten Nachrichten und Ank\u00fcndigungen auf dem Laufenden<\/h3>\n\n\n\n<p>Willkommen auf unserer News-Seite! Hier findest du die neuesten Updates, Ank\u00fcndigungen und spannende Entwicklungen von GameServerCentral. Bleib auf dem Laufenden \u00fcber neue Funktionen, bevorstehende Events und wichtige \u00c4nderungen, die dein Spielerlebnis verbessern. Schau regelm\u00e4\u00dfig vorbei, um die neuesten Nachrichten und Einblicke zu erhalten.<\/p>\n\n\n\n<div class=\"wp-block-query has-global-padding is-layout-constrained wp-block-query-is-layout-constrained\">\n<div class=\"wp-block-group is-layout-flow wp-block-group-is-layout-flow\" style=\"margin-top:0;margin-bottom:0;padding-top:var(--wp--preset--spacing--50);padding-right:0;padding-bottom:var(--wp--preset--spacing--50);padding-left:0\"><ul class=\"alignfull wp-block-post-template is-layout-flow wp-container-core-post-template-is-layout-09c064ec wp-block-post-template-is-layout-flow\"><li class=\"wp-block-post post-9737 post type-post status-publish format-standard has-post-thumbnail hentry category-general\">\n<figure style=\"aspect-ratio:3\/2; margin-bottom:var(--wp--preset--spacing--20);\" class=\"wp-block-post-featured-image\"><a href=\"https:\/\/gameservercentral.eu\/de\/general\/we-are-going-public-free-24-hour-gameservers-continue\/\" target=\"_self\"><img loading=\"lazy\" decoding=\"async\" width=\"1536\" height=\"1024\" src=\"https:\/\/gameservercentral.eu\/wp-content\/uploads\/2025\/01\/Copilot_20250727_170403.png\" class=\"attachment-post-thumbnail size-post-thumbnail wp-post-image\" alt=\"Wir gehen an die B\u00f6rse - Kostenlose 24-Stunden-GAMEServer weiter\" style=\"width:100%;height:100%;object-fit:cover;\" srcset=\"https:\/\/gameservercentral.eu\/wp-content\/uploads\/2025\/01\/Copilot_20250727_170403.png 1536w, https:\/\/gameservercentral.eu\/wp-content\/uploads\/2025\/01\/Copilot_20250727_170403-600x400.png 600w, https:\/\/gameservercentral.eu\/wp-content\/uploads\/2025\/01\/Copilot_20250727_170403-64x43.png 64w, https:\/\/gameservercentral.eu\/wp-content\/uploads\/2025\/01\/Copilot_20250727_170403-300x200.png 300w, https:\/\/gameservercentral.eu\/wp-content\/uploads\/2025\/01\/Copilot_20250727_170403-1024x683.png 1024w, https:\/\/gameservercentral.eu\/wp-content\/uploads\/2025\/01\/Copilot_20250727_170403-768x512.png 768w, https:\/\/gameservercentral.eu\/wp-content\/uploads\/2025\/01\/Copilot_20250727_170403-18x12.png 18w\" sizes=\"auto, (max-width: 1536px) 100vw, 1536px\" \/><\/a><\/figure>\n\n\n<div class=\"wp-block-group is-vertical is-nowrap is-layout-flex wp-container-core-group-is-layout-9bc6ff26 wp-block-group-is-layout-flex\"><h2 style=\"margin-bottom:0;\" class=\"wp-block-post-title has-x-large-font-size\"><a href=\"https:\/\/gameservercentral.eu\/de\/general\/we-are-going-public-free-24-hour-gameservers-continue\/\" target=\"_self\">Public Beta beendet - Weiterhin Kostenlose 24-Stunden Gameserver zum Launch<\/a><\/h2>\n\n<div class=\"wp-block-template-part\">\n<div class=\"wp-block-group has-global-padding is-layout-constrained wp-block-group-is-layout-constrained\">\n<div class=\"wp-block-group is-content-justification-left is-layout-flex wp-container-core-group-is-layout-dfe8e91f wp-block-group-is-layout-flex\"><div class=\"wp-block-post-date\"><time datetime=\"2025-10-25T16:07:15+02:00\"><a href=\"https:\/\/gameservercentral.eu\/de\/general\/we-are-going-public-free-24-hour-gameservers-continue\/\">Okt. 25, 2025<\/a><\/time><\/div>\n\n\n<p class=\"has-contrast-2-color has-text-color\">-<\/p>\n\n\n<div class=\"taxonomy-category wp-block-post-terms\"><span class=\"wp-block-post-terms__prefix\">in <\/span><a href=\"https:\/\/gameservercentral.eu\/de\/category\/general\/\" rel=\"tag\">allgemein<\/a><\/div><\/div>\n<\/div>\n<\/div>\n\n<div class=\"wp-block-post-excerpt has-small-font-size\"><p class=\"wp-block-post-excerpt__excerpt\">Nach mehreren Monaten harter Arbeit, sorgf\u00e4ltiger Planung und unsch\u00e4tzbarem Feedback von unseren Early Adopters sind wir stolz, den erfolgreichen Abschluss unserer geschlossenen <a href=\"https:\/\/gameservercentral.eu\/de\/early-access\/\">fr\u00fcher Zugang<\/a> Programm. Mit soliden Ergebnissen und einer unglaublich unterst\u00fctzenden Community freuen wir uns, unsere innovativen Gameserver-Hostingdienste offiziell der \u00d6ffentlichkeit zug\u00e4nglich zu machen. Von Early Access bis... <\/p><\/div><\/div>\n\n<\/li><li class=\"wp-block-post post-9751 post type-post status-publish format-standard has-post-thumbnail hentry category-general\">\n<figure style=\"aspect-ratio:3\/2; margin-bottom:var(--wp--preset--spacing--20);\" class=\"wp-block-post-featured-image\"><a href=\"https:\/\/gameservercentral.eu\/de\/general\/we-support-modding-via-satisfactory-mod-manager\/\" target=\"_self\"><img loading=\"lazy\" decoding=\"async\" width=\"2048\" height=\"2048\" src=\"https:\/\/gameservercentral.eu\/wp-content\/uploads\/2025\/10\/f21f7a19-9d40-40da-bced-1b8f721361ed.jpg\" class=\"attachment-post-thumbnail size-post-thumbnail wp-post-image\" alt=\"Wir unterst\u00fctzen Modding \u00fcber den Satisfactory Mod Manager\" style=\"width:100%;height:100%;object-fit:cover;\" srcset=\"https:\/\/gameservercentral.eu\/wp-content\/uploads\/2025\/10\/f21f7a19-9d40-40da-bced-1b8f721361ed.jpg 2048w, https:\/\/gameservercentral.eu\/wp-content\/uploads\/2025\/10\/f21f7a19-9d40-40da-bced-1b8f721361ed-300x300.jpg 300w, https:\/\/gameservercentral.eu\/wp-content\/uploads\/2025\/10\/f21f7a19-9d40-40da-bced-1b8f721361ed-1024x1024.jpg 1024w, https:\/\/gameservercentral.eu\/wp-content\/uploads\/2025\/10\/f21f7a19-9d40-40da-bced-1b8f721361ed-150x150.jpg 150w, https:\/\/gameservercentral.eu\/wp-content\/uploads\/2025\/10\/f21f7a19-9d40-40da-bced-1b8f721361ed-768x768.jpg 768w, https:\/\/gameservercentral.eu\/wp-content\/uploads\/2025\/10\/f21f7a19-9d40-40da-bced-1b8f721361ed-1536x1536.jpg 1536w, https:\/\/gameservercentral.eu\/wp-content\/uploads\/2025\/10\/f21f7a19-9d40-40da-bced-1b8f721361ed-12x12.jpg 12w, https:\/\/gameservercentral.eu\/wp-content\/uploads\/2025\/10\/f21f7a19-9d40-40da-bced-1b8f721361ed-75x75.jpg 75w, https:\/\/gameservercentral.eu\/wp-content\/uploads\/2025\/10\/f21f7a19-9d40-40da-bced-1b8f721361ed-24x24.jpg 24w, https:\/\/gameservercentral.eu\/wp-content\/uploads\/2025\/10\/f21f7a19-9d40-40da-bced-1b8f721361ed-36x36.jpg 36w, https:\/\/gameservercentral.eu\/wp-content\/uploads\/2025\/10\/f21f7a19-9d40-40da-bced-1b8f721361ed-48x48.jpg 48w, https:\/\/gameservercentral.eu\/wp-content\/uploads\/2025\/10\/f21f7a19-9d40-40da-bced-1b8f721361ed-600x600.jpg 600w, https:\/\/gameservercentral.eu\/wp-content\/uploads\/2025\/10\/f21f7a19-9d40-40da-bced-1b8f721361ed-100x100.jpg 100w, https:\/\/gameservercentral.eu\/wp-content\/uploads\/2025\/10\/f21f7a19-9d40-40da-bced-1b8f721361ed-50x50.jpg 50w, https:\/\/gameservercentral.eu\/wp-content\/uploads\/2025\/10\/f21f7a19-9d40-40da-bced-1b8f721361ed-64x64.jpg 64w\" sizes=\"auto, (max-width: 2048px) 100vw, 2048px\" \/><\/a><\/figure>\n\n\n<div class=\"wp-block-group is-vertical is-nowrap is-layout-flex wp-container-core-group-is-layout-9bc6ff26 wp-block-group-is-layout-flex\"><h2 style=\"margin-bottom:0;\" class=\"wp-block-post-title has-x-large-font-size\"><a href=\"https:\/\/gameservercentral.eu\/de\/general\/we-support-modding-via-satisfactory-mod-manager\/\" target=\"_self\">Wir unterst\u00fctzen Modding \u00fcber den Satisfactory Mod Manager<\/a><\/h2>\n\n<div class=\"wp-block-template-part\">\n<div class=\"wp-block-group has-global-padding is-layout-constrained wp-block-group-is-layout-constrained\">\n<div class=\"wp-block-group is-content-justification-left is-layout-flex wp-container-core-group-is-layout-dfe8e91f wp-block-group-is-layout-flex\"><div class=\"wp-block-post-date\"><time datetime=\"2025-10-25T17:15:08+02:00\"><a href=\"https:\/\/gameservercentral.eu\/de\/general\/we-support-modding-via-satisfactory-mod-manager\/\">Okt. 25, 2025<\/a><\/time><\/div>\n\n\n<p class=\"has-contrast-2-color has-text-color\">-<\/p>\n\n\n<div class=\"taxonomy-category wp-block-post-terms\"><span class=\"wp-block-post-terms__prefix\">in <\/span><a href=\"https:\/\/gameservercentral.eu\/de\/category\/general\/\" rel=\"tag\">allgemein<\/a><\/div><\/div>\n<\/div>\n<\/div>\n\n<div class=\"wp-block-post-excerpt has-small-font-size\"><p class=\"wp-block-post-excerpt__excerpt\">Aufregende Neuigkeiten f\u00fcr Satisfactory-Spieler: Wir sind stolz darauf, die validierte Mod-Unterst\u00fctzung f\u00fcr Satisfactory Dedicated Servers anzuk\u00fcndigen, die jetzt nahtlos in den Satisfactory Mod Manager integriert ist! Ganz gleich, ob du kreative neue Mods einf\u00fchren oder deine Werkseinstellungen verfeinern m\u00f6chtest, das Modden deines Satisfactory-Spielservers war mit unserer Hosting-Plattform noch nie so einfach, sicher und zug\u00e4nglich. Einfach... <\/p><\/div><\/div>\n\n<\/li><li class=\"wp-block-post post-9617 post type-post status-publish format-standard has-post-thumbnail hentry category-self-hosting\">\n<figure style=\"aspect-ratio:3\/2; margin-bottom:var(--wp--preset--spacing--20);\" class=\"wp-block-post-featured-image\"><a href=\"https:\/\/gameservercentral.eu\/de\/self-hosting\/how-to-setup-a-satisfactory-dedicated-server-with-steam\/\" target=\"_self\"><img loading=\"lazy\" decoding=\"async\" width=\"1920\" height=\"1080\" src=\"https:\/\/gameservercentral.eu\/wp-content\/uploads\/2025\/01\/satisfactory.webp\" class=\"attachment-post-thumbnail size-post-thumbnail wp-post-image\" alt=\"Wie Sie Ihren eigenen dedicated satisfactory server einrichten\" style=\"width:100%;height:100%;object-fit:cover;\" srcset=\"https:\/\/gameservercentral.eu\/wp-content\/uploads\/2025\/01\/satisfactory.webp 1920w, https:\/\/gameservercentral.eu\/wp-content\/uploads\/2025\/01\/satisfactory-600x338.webp 600w, https:\/\/gameservercentral.eu\/wp-content\/uploads\/2025\/01\/satisfactory-64x36.webp 64w, https:\/\/gameservercentral.eu\/wp-content\/uploads\/2025\/01\/satisfactory-300x169.webp 300w, https:\/\/gameservercentral.eu\/wp-content\/uploads\/2025\/01\/satisfactory-1024x576.webp 1024w, https:\/\/gameservercentral.eu\/wp-content\/uploads\/2025\/01\/satisfactory-768x432.webp 768w, https:\/\/gameservercentral.eu\/wp-content\/uploads\/2025\/01\/satisfactory-1536x864.webp 1536w, https:\/\/gameservercentral.eu\/wp-content\/uploads\/2025\/01\/satisfactory-1320x743.webp 1320w\" sizes=\"auto, (max-width: 1920px) 100vw, 1920px\" \/><\/a><\/figure>\n\n\n<div class=\"wp-block-group is-vertical is-nowrap is-layout-flex wp-container-core-group-is-layout-9bc6ff26 wp-block-group-is-layout-flex\"><h2 style=\"margin-bottom:0;\" class=\"wp-block-post-title has-x-large-font-size\"><a href=\"https:\/\/gameservercentral.eu\/de\/self-hosting\/how-to-setup-a-satisfactory-dedicated-server-with-steam\/\" target=\"_self\">Wie Sie Ihren eigenen dedicated satisfactory server einrichten<\/a><\/h2>\n\n<div class=\"wp-block-template-part\">\n<div class=\"wp-block-group has-global-padding is-layout-constrained wp-block-group-is-layout-constrained\">\n<div class=\"wp-block-group is-content-justification-left is-layout-flex wp-container-core-group-is-layout-dfe8e91f wp-block-group-is-layout-flex\"><div class=\"wp-block-post-date\"><time datetime=\"2025-10-11T16:24:33+02:00\"><a href=\"https:\/\/gameservercentral.eu\/de\/self-hosting\/how-to-setup-a-satisfactory-dedicated-server-with-steam\/\">Okt. 11, 2025<\/a><\/time><\/div>\n\n\n<p class=\"has-contrast-2-color has-text-color\">-<\/p>\n\n\n<div class=\"taxonomy-category wp-block-post-terms\"><span class=\"wp-block-post-terms__prefix\">in <\/span><a href=\"https:\/\/gameservercentral.eu\/de\/category\/self-hosting\/\" rel=\"tag\">selbstgehostet<\/a><\/div><\/div>\n<\/div>\n<\/div>\n\n<div class=\"wp-block-post-excerpt has-small-font-size\"><p class=\"wp-block-post-excerpt__excerpt\">Einen Satisfactory Dedicated Server mit Docker betreiben: Die moderne Hosting-L\u00f6sung F\u00fcr Fans von Satisfactory, dem Fabrikbau-Hit von Coffee Stain Studios, ist der Multiplayer-Modus am besten auf einem stabilen, best\u00e4ndigen Server aufgehoben. In der Vergangenheit konnte die Einrichtung eines zufriedenstellenden dedizierten Servers sehr zeitaufw\u00e4ndig sein, aber Docker hat das Spiel ver\u00e4ndert. Wir zeigen dir, wie du einen dedizierten Server... <\/p><\/div><\/div>\n\n<\/li><li class=\"wp-block-post post-407 post type-post status-publish format-standard has-post-thumbnail hentry category-general\">\n<figure style=\"aspect-ratio:3\/2; margin-bottom:var(--wp--preset--spacing--20);\" class=\"wp-block-post-featured-image\"><a href=\"https:\/\/gameservercentral.eu\/de\/general\/announcing-the-first-closed-alpha-for-our-new-controlpanel\/\" target=\"_self\"><img loading=\"lazy\" decoding=\"async\" width=\"1024\" height=\"1024\" src=\"https:\/\/gameservercentral.eu\/wp-content\/uploads\/2025\/02\/GameServerCentral-closed-alpha-announcement-without-dates.jpg\" class=\"attachment-post-thumbnail size-post-thumbnail wp-post-image\" alt=\"Ank\u00fcndigung der ersten geschlossenen Alpha f\u00fcr unser neues Controlpanel!\" style=\"width:100%;height:100%;object-fit:cover;\" srcset=\"https:\/\/gameservercentral.eu\/wp-content\/uploads\/2025\/02\/GameServerCentral-closed-alpha-announcement-without-dates.jpg 1024w, https:\/\/gameservercentral.eu\/wp-content\/uploads\/2025\/02\/GameServerCentral-closed-alpha-announcement-without-dates-100x100.jpg 100w, https:\/\/gameservercentral.eu\/wp-content\/uploads\/2025\/02\/GameServerCentral-closed-alpha-announcement-without-dates-600x600.jpg 600w, https:\/\/gameservercentral.eu\/wp-content\/uploads\/2025\/02\/GameServerCentral-closed-alpha-announcement-without-dates-64x64.jpg 64w, https:\/\/gameservercentral.eu\/wp-content\/uploads\/2025\/02\/GameServerCentral-closed-alpha-announcement-without-dates-300x300.jpg 300w, https:\/\/gameservercentral.eu\/wp-content\/uploads\/2025\/02\/GameServerCentral-closed-alpha-announcement-without-dates-150x150.jpg 150w, https:\/\/gameservercentral.eu\/wp-content\/uploads\/2025\/02\/GameServerCentral-closed-alpha-announcement-without-dates-768x768.jpg 768w, https:\/\/gameservercentral.eu\/wp-content\/uploads\/2025\/02\/GameServerCentral-closed-alpha-announcement-without-dates-12x12.jpg 12w, https:\/\/gameservercentral.eu\/wp-content\/uploads\/2025\/02\/GameServerCentral-closed-alpha-announcement-without-dates-50x50.jpg 50w\" sizes=\"auto, (max-width: 1024px) 100vw, 1024px\" \/><\/a><\/figure>\n\n\n<div class=\"wp-block-group is-vertical is-nowrap is-layout-flex wp-container-core-group-is-layout-9bc6ff26 wp-block-group-is-layout-flex\"><h2 style=\"margin-bottom:0;\" class=\"wp-block-post-title has-x-large-font-size\"><a href=\"https:\/\/gameservercentral.eu\/de\/general\/announcing-the-first-closed-alpha-for-our-new-controlpanel\/\" target=\"_self\">Ank\u00fcndigung der ersten geschlossenen Alpha f\u00fcr unser neues Controlpanel!<\/a><\/h2>\n\n<div class=\"wp-block-template-part\">\n<div class=\"wp-block-group has-global-padding is-layout-constrained wp-block-group-is-layout-constrained\">\n<div class=\"wp-block-group is-content-justification-left is-layout-flex wp-container-core-group-is-layout-dfe8e91f wp-block-group-is-layout-flex\"><div class=\"wp-block-post-date\"><time datetime=\"2025-08-14T12:46:59+02:00\"><a href=\"https:\/\/gameservercentral.eu\/de\/general\/announcing-the-first-closed-alpha-for-our-new-controlpanel\/\">Aug. 14, 2025<\/a><\/time><\/div>\n\n\n<p class=\"has-contrast-2-color has-text-color\">-<\/p>\n\n\n<div class=\"taxonomy-category wp-block-post-terms\"><span class=\"wp-block-post-terms__prefix\">in <\/span><a href=\"https:\/\/gameservercentral.eu\/de\/category\/general\/\" rel=\"tag\">allgemein<\/a><\/div><\/div>\n<\/div>\n<\/div>\n\n<div class=\"wp-block-post-excerpt has-small-font-size\"><p class=\"wp-block-post-excerpt__excerpt\">Liebe GameServerCentral Community, wir freuen uns, die erste geschlossene Alpha f\u00fcr unser brandneues Control Panel ank\u00fcndigen zu k\u00f6nnen! Dies ist ein aufregender Schritt nach vorn in unserem Bestreben, euch die bestm\u00f6gliche Erfahrung bei der Verwaltung von Spielservern zu bieten. Was ist die geschlossene Alpha? Die geschlossene Alpha gibt einer ausgew\u00e4hlten Gruppe von... <\/p><\/div><\/div>\n\n<\/li><li class=\"wp-block-post post-297 post type-post status-publish format-standard has-post-thumbnail hentry category-general\">\n<figure style=\"aspect-ratio:3\/2; margin-bottom:var(--wp--preset--spacing--20);\" class=\"wp-block-post-featured-image\"><a href=\"https:\/\/gameservercentral.eu\/de\/general\/exciting-news-free-24-hour-gameservers-during-early-access\/\" target=\"_self\"><img loading=\"lazy\" decoding=\"async\" width=\"1024\" height=\"1024\" src=\"https:\/\/gameservercentral.eu\/wp-content\/uploads\/2025\/01\/24-hour-Satisfactory-dedicated-server-beta-early-access.jpg\" class=\"attachment-post-thumbnail size-post-thumbnail wp-post-image\" alt=\"Aufregende Neuigkeiten: Kostenlose 24-Stunden-Spieleserver w\u00e4hrend des Early Access!\" style=\"width:100%;height:100%;object-fit:cover;\" srcset=\"https:\/\/gameservercentral.eu\/wp-content\/uploads\/2025\/01\/24-hour-Satisfactory-dedicated-server-beta-early-access.jpg 1024w, https:\/\/gameservercentral.eu\/wp-content\/uploads\/2025\/01\/24-hour-Satisfactory-dedicated-server-beta-early-access-100x100.jpg 100w, https:\/\/gameservercentral.eu\/wp-content\/uploads\/2025\/01\/24-hour-Satisfactory-dedicated-server-beta-early-access-600x600.jpg 600w, https:\/\/gameservercentral.eu\/wp-content\/uploads\/2025\/01\/24-hour-Satisfactory-dedicated-server-beta-early-access-64x64.jpg 64w, https:\/\/gameservercentral.eu\/wp-content\/uploads\/2025\/01\/24-hour-Satisfactory-dedicated-server-beta-early-access-300x300.jpg 300w, https:\/\/gameservercentral.eu\/wp-content\/uploads\/2025\/01\/24-hour-Satisfactory-dedicated-server-beta-early-access-150x150.jpg 150w, https:\/\/gameservercentral.eu\/wp-content\/uploads\/2025\/01\/24-hour-Satisfactory-dedicated-server-beta-early-access-768x768.jpg 768w\" sizes=\"auto, (max-width: 1024px) 100vw, 1024px\" \/><\/a><\/figure>\n\n\n<div class=\"wp-block-group is-vertical is-nowrap is-layout-flex wp-container-core-group-is-layout-9bc6ff26 wp-block-group-is-layout-flex\"><h2 style=\"margin-bottom:0;\" class=\"wp-block-post-title has-x-large-font-size\"><a href=\"https:\/\/gameservercentral.eu\/de\/general\/exciting-news-free-24-hour-gameservers-during-early-access\/\" target=\"_self\">Aufregende Neuigkeiten: Kostenlose 24-Stunden-Spieleserver w\u00e4hrend des Early Access!<\/a><\/h2>\n\n<div class=\"wp-block-template-part\">\n<div class=\"wp-block-group has-global-padding is-layout-constrained wp-block-group-is-layout-constrained\">\n<div class=\"wp-block-group is-content-justification-left is-layout-flex wp-container-core-group-is-layout-dfe8e91f wp-block-group-is-layout-flex\"><div class=\"wp-block-post-date\"><time datetime=\"2025-08-02T00:54:00+02:00\"><a href=\"https:\/\/gameservercentral.eu\/de\/general\/exciting-news-free-24-hour-gameservers-during-early-access\/\">Aug. 2, 2025<\/a><\/time><\/div>\n\n\n<p class=\"has-contrast-2-color has-text-color\">-<\/p>\n\n\n<div class=\"taxonomy-category wp-block-post-terms\"><span class=\"wp-block-post-terms__prefix\">in <\/span><a href=\"https:\/\/gameservercentral.eu\/de\/category\/general\/\" rel=\"tag\">allgemein<\/a><\/div><\/div>\n<\/div>\n<\/div>\n\n<div class=\"wp-block-post-excerpt has-small-font-size\"><p class=\"wp-block-post-excerpt__excerpt\">Wir freuen uns, ank\u00fcndigen zu k\u00f6nnen, dass unser 24-Stunden-Gameserver im Rahmen unseres Beta-Fr\u00fchzugangsprogramms kostenlos verf\u00fcgbar sein wird! Dieses zeitlich begrenzte Angebot erm\u00f6glicht es dir, unsere Hochleistungsserver zu testen, bevor sie live gehen. Lass dir diese exklusive Gelegenheit nicht entgehen und erlebe nahtloses Gameplay und robuste Leistung zum Nulltarif. Auf gameservercentral.eu,... <\/p><\/div><\/div>\n\n<\/li><li class=\"wp-block-post post-327 post type-post status-publish format-standard hentry category-general\">\n\n\n\n<div class=\"wp-block-group is-vertical is-nowrap is-layout-flex wp-container-core-group-is-layout-9bc6ff26 wp-block-group-is-layout-flex\"><h2 style=\"margin-bottom:0;\" class=\"wp-block-post-title has-x-large-font-size\"><a href=\"https:\/\/gameservercentral.eu\/de\/general\/website-is-now-live\/\" target=\"_self\">Die Website ist jetzt live!<\/a><\/h2>\n\n<div class=\"wp-block-template-part\">\n<div class=\"wp-block-group has-global-padding is-layout-constrained wp-block-group-is-layout-constrained\">\n<div class=\"wp-block-group is-content-justification-left is-layout-flex wp-container-core-group-is-layout-dfe8e91f wp-block-group-is-layout-flex\"><div class=\"wp-block-post-date\"><time datetime=\"2025-07-27T19:17:08+02:00\"><a href=\"https:\/\/gameservercentral.eu\/de\/general\/website-is-now-live\/\">Juli 27, 2025<\/a><\/time><\/div>\n\n\n<p class=\"has-contrast-2-color has-text-color\">-<\/p>\n\n\n<div class=\"taxonomy-category wp-block-post-terms\"><span class=\"wp-block-post-terms__prefix\">in <\/span><a href=\"https:\/\/gameservercentral.eu\/de\/category\/general\/\" rel=\"tag\">allgemein<\/a><\/div><\/div>\n<\/div>\n<\/div>\n\n<div class=\"wp-block-post-excerpt has-small-font-size\"><p class=\"wp-block-post-excerpt__excerpt\">Hallo, liebe Gamer und Server-Enthusiasten! Wir freuen uns sehr, euch mitteilen zu k\u00f6nnen, dass GameServerCentral jetzt offiziell live ist! Unser Team hat hart daran gearbeitet, euch eine Plattform zu bieten, die die Art und Weise, wie ihr Gameserver verwaltet und mit ihnen interagiert, revolutionieren wird. Hier ist ein kleiner Einblick in das, was du erwarten kannst: Mach mit... <\/p><\/div><\/div>\n\n<\/li><\/ul>\n\n\n<div style=\"margin-top:0;margin-bottom:0;height:var(--wp--preset--spacing--50)\" aria-hidden=\"true\" class=\"wp-block-spacer\"><\/div>\n\n\n<\/div>\n<\/div>","protected":false},"excerpt":{"rendered":"<p>Bleib auf dem Laufenden mit den neuesten Nachrichten und Ank\u00fcndigungen Willkommen auf unserer Nachrichtenseite! Hier findest du die neuesten Updates, Ank\u00fcndigungen und spannende Entwicklungen von GameServerCentral. Bleib auf dem Laufenden \u00fcber neue Funktionen, bevorstehende Events und wichtige \u00c4nderungen, die dein Spielerlebnis verbessern. Schau regelm\u00e4\u00dfig vorbei, um die neuesten Nachrichten und Einblicke zu erhalten.<\/p>","protected":false},"author":1,"featured_media":0,"parent":0,"menu_order":0,"comment_status":"closed","ping_status":"closed","template":"","meta":{"footnotes":""},"class_list":["post-454","page","type-page","status-publish","hentry"],"_links":{"self":[{"href":"https:\/\/gameservercentral.eu\/de\/wp-json\/wp\/v2\/pages\/454","targetHints":{"allow":["GET"]}}],"collection":[{"href":"https:\/\/gameservercentral.eu\/de\/wp-json\/wp\/v2\/pages"}],"about":[{"href":"https:\/\/gameservercentral.eu\/de\/wp-json\/wp\/v2\/types\/page"}],"author":[{"embeddable":true,"href":"https:\/\/gameservercentral.eu\/de\/wp-json\/wp\/v2\/users\/1"}],"replies":[{"embeddable":true,"href":"https:\/\/gameservercentral.eu\/de\/wp-json\/wp\/v2\/comments?post=454"}],"version-history":[{"count":0,"href":"https:\/\/gameservercentral.eu\/de\/wp-json\/wp\/v2\/pages\/454\/revisions"}],"wp:attachment":[{"href":"https:\/\/gameservercentral.eu\/de\/wp-json\/wp\/v2\/media?parent=454"}],"curies":[{"name":"wp","href":"https:\/\/api.w.org\/{rel}","templated":true}]}}