{"id":352,"date":"2025-01-28T16:52:31","date_gmt":"2025-01-28T15:52:31","guid":{"rendered":"https:\/\/gameservercentral.eu\/?page_id=352"},"modified":"2025-01-28T16:52:32","modified_gmt":"2025-01-28T15:52:32","slug":"uber","status":"publish","type":"page","link":"https:\/\/gameservercentral.eu\/de\/about\/","title":{"rendered":"\u00dcber uns"},"content":{"rendered":"<div class=\"wp-block-group has-global-padding is-layout-constrained wp-container-core-group-is-layout-c9115f92 wp-block-group-is-layout-constrained\" style=\"padding-right:var(--wp--preset--spacing--20);padding-left:var(--wp--preset--spacing--20)\">\n<p>Willkommen bei GameServerCentral, deiner ultimativen Adresse f\u00fcr erstklassiges Gameserver-Hosting in der EU!<\/p>\n\n\n\n<p><strong>Unsere Geschichte<\/strong><\/p>\n\n\n\n<p>Vor ein paar Jahren habe ich angefangen, Spieleserver f\u00fcr Freunde zu hosten, angetrieben von unserer gemeinsamen Leidenschaft f\u00fcr Spiele. Was als Hobby begann, wurde schnell zu einer Mission, das bestm\u00f6gliche Spielerlebnis zu bieten. Mit meinem Hintergrund als Senior DevOps Engineer sah ich das Potenzial, eine skalierbare und automatisierte L\u00f6sung f\u00fcr das Hosting von Spieleservern zu entwickeln.<\/p>\n\n\n\n<p><strong>Unser Auftrag<\/strong><\/p>\n\n\n\n<p>Wir von GameServerCentral haben es uns zur Aufgabe gemacht, zuverl\u00e4ssiges und leistungsstarkes Gameserver-Hosting zu bieten, das die Bed\u00fcrfnisse von Spielern auf der ganzen Welt erf\u00fcllt. Wir wissen, wie wichtig ein reibungsloses Spielerlebnis ist, und wir haben uns verpflichtet, schnelle, sichere und einfach zu verwaltende Server bereitzustellen.<\/p>\n\n\n\n<p><strong>Warum uns w\u00e4hlen?<\/strong><\/p>\n\n\n\n<ul class=\"wp-block-list\">\n<li><strong>Expertise<\/strong>: Mit jahrelanger Erfahrung in den Bereichen DevOps und Servermanagement verf\u00fcgen wir \u00fcber ein umfangreiches Wissen, um den reibungslosen Betrieb deiner Server sicherzustellen.<\/li>\n\n\n\n<li><strong>Skalierbarkeit<\/strong>: Unsere automatisierten L\u00f6sungen erm\u00f6glichen es dir, deine Serverressourcen m\u00fchelos zu skalieren und deine wachsende Community zu unterst\u00fctzen.<\/li>\n\n\n\n<li><strong>Verl\u00e4sslichkeit<\/strong>: Wir legen Wert auf Verf\u00fcgbarkeit und Leistung, damit du dich auf das Spielen konzentrieren kannst, ohne dich um Serverprobleme zu k\u00fcmmern.<\/li>\n\n\n\n<li><strong>Gemeinschaft<\/strong>: Wir sind leidenschaftliche Spieler und wollen eine Community aufbauen, in der sich Spielerinnen und Spieler austauschen und weiterentwickeln k\u00f6nnen.<\/li>\n<\/ul>\n\n\n\n<p><strong>Mitmachen<\/strong><\/p>\n\n\n\n<p>Egal, ob du ein Gelegenheitsspieler oder ein Wettkampfspieler bist, GameServerCentral hat die perfekte Serverl\u00f6sung f\u00fcr dich. Werde noch heute Mitglied bei uns und erlebe den Unterschied, den Fachwissen und Leidenschaft ausmachen k\u00f6nnen.<\/p>\n\n\n\n<p>Danke, dass du dich f\u00fcr GameServerCentral entschieden hast. <\/p>\n\n\n\n<p>Viel Spa\u00df beim Spielen!<\/p>\n<\/div>","protected":false},"excerpt":{"rendered":"<p>Welcome to GameServerCentral, your ultimate destination for top-notch game server hosting in the EU! Our Story A couple of years ago, I started hosting game servers for friends, driven by our shared passion for gaming. What began as a hobby quickly turned into a mission to provide the best gaming experience possible. With my background [&hellip;]<\/p>\n","protected":false},"author":1,"featured_media":0,"parent":0,"menu_order":0,"comment_status":"closed","ping_status":"closed","template":"","meta":{"footnotes":""},"class_list":["post-352","page","type-page","status-publish","hentry"],"_links":{"self":[{"href":"https:\/\/gameservercentral.eu\/de\/wp-json\/wp\/v2\/pages\/352","targetHints":{"allow":["GET"]}}],"collection":[{"href":"https:\/\/gameservercentral.eu\/de\/wp-json\/wp\/v2\/pages"}],"about":[{"href":"https:\/\/gameservercentral.eu\/de\/wp-json\/wp\/v2\/types\/page"}],"author":[{"embeddable":true,"href":"https:\/\/gameservercentral.eu\/de\/wp-json\/wp\/v2\/users\/1"}],"replies":[{"embeddable":true,"href":"https:\/\/gameservercentral.eu\/de\/wp-json\/wp\/v2\/comments?post=352"}],"version-history":[{"count":0,"href":"https:\/\/gameservercentral.eu\/de\/wp-json\/wp\/v2\/pages\/352\/revisions"}],"wp:attachment":[{"href":"https:\/\/gameservercentral.eu\/de\/wp-json\/wp\/v2\/media?parent=352"}],"curies":[{"name":"wp","href":"https:\/\/api.w.org\/{rel}","templated":true}]}}