{"id":265,"date":"2025-01-24T00:01:37","date_gmt":"2025-01-23T23:01:37","guid":{"rendered":"https:\/\/gameservercentral.eu\/terms-and-conditions\/"},"modified":"2025-10-10T10:41:01","modified_gmt":"2025-10-10T08:41:01","slug":"bedingungen-und-konditionen","status":"publish","type":"page","link":"https:\/\/gameservercentral.eu\/de\/terms-and-conditions\/","title":{"rendered":"Nutzungsbedingungen"},"content":{"rendered":"<!-- This legal document was generated by Complianz Terms &amp; Conditions https:\/\/wordpress.org\/plugins\/complianz-terms-conditions -->\n<div id=\"cmplz-document\" class=\"cmplz-document cmplz-terms-conditions\"><p><i>Die Allgemeinen Gesch\u00e4ftsbedingungen wurden zuletzt am 23.01.2025 aktualisiert<\/i><\/p><h2>1. Einf\u00fchrung<\/h2><p>Diese Allgemeinen Gesch\u00e4ftsbedingungen gelten f\u00fcr diese Website und f\u00fcr die Transaktionen im Zusammenhang mit unseren Produkten und Dienstleistungen. Du bist m\u00f6glicherweise an zus\u00e4tzliche Vertr\u00e4ge gebunden, die sich auf deine Beziehung zu uns oder auf Produkte oder Dienstleistungen beziehen, die du von uns erh\u00e4ltst. Wenn Bestimmungen der Zusatzvertr\u00e4ge mit Bestimmungen dieser Bedingungen in Konflikt stehen, haben die Bestimmungen dieser Zusatzvertr\u00e4ge Vorrang.<\/p><h2>2. Verbindlichkeit<\/h2><p>Durch die Registrierung, den Zugriff auf oder die anderweitige Nutzung dieser Website erkl\u00e4rst du dich hiermit einverstanden, an diese unten aufgef\u00fchrten Allgemeinen Gesch\u00e4ftsbedingungen gebunden zu sein. Die blo\u00dfe Nutzung dieser Website setzt die Kenntnis und Akzeptanz dieser Allgemeinen Gesch\u00e4ftsbedingungen voraus. In bestimmten F\u00e4llen k\u00f6nnen wir dich auch bitten, ausdr\u00fccklich zuzustimmen.<\/p><h2>3. Elektronische Kommunikation<\/h2><p>Durch die Nutzung dieser Website oder die Kommunikation mit uns auf elektronischem Wege erkl\u00e4rst du dich damit einverstanden und erkennst an, dass wir auf unserer Website elektronisch mit dir kommunizieren oder dir eine E-Mail senden k\u00f6nnen, und stimmst zu, dass alle Vereinbarungen, Mitteilungen, Offenlegungen und sonstigen Mitteilungen, die wir dir elektronisch zusenden, alle gesetzlichen Anforderungen erf\u00fcllen. Beinhaltet zudem, aber nicht auf die Anforderung beschr\u00e4nkt, dass solche Mitteilungen schriftlich erfolgen sollten.<\/p><h2>4. Geistiges Eigentum<\/h2><p>Wir oder unsere Lizenzgeber besitzen und kontrollieren alle Urheberrechte und sonstigen Rechte an geistigem Eigentum auf der Website sowie die Daten, Informationen und sonstigen Ressourcen, die auf der Website angezeigt werden oder auf der Website zug\u00e4nglich ist.<\/p><p class=\"cmplz-subtitle\">4.1 Alle Rechte vorbehalten<\/p><p>Sofern bestimmte Inhalte nichts anderes vorschreiben, wird dir keine Lizenz oder ein anderes Recht unter Urheber-, Marken-, Patent- oder anderen Rechten an geistigem Eigentum gew\u00e4hrt.  Dies bedeutet, dass du keine Ressourcen auf dieser Website verwendest, kopierst, reproduzierst, ausf\u00fchrst, anzeigst, verteilst, in ein elektronisches Medium einbettest, \u00e4nderst, zur\u00fcckentwickelst, dekompilierst, \u00fcbergibst, herunterl\u00e4dst, \u00fcbertragst, monetarisierst, verkaufst, vermarktest oder kommerzialisierst in jeglicher Form, ohne unsere vorherige schriftliche Genehmigung, au\u00dfer und nur insoweit, als dies in den Bestimmungen des zwingenden Rechts (wie dem Recht auf Zitat) anders festgelegt ist.<\/p><h2>5. Newsletter<\/h2><p>Ungeachtet des Obigen, kannst du unseren Newsletter in elektronischer Form an andere Personen weiterleiten, die m\u00f6glicherweise an einem Besuch unserer Website interessiert sind.<\/p><h2>6. Eigentum Drittanbieter<\/h2><p>Unsere Website kann Hyperlinks oder andere Verweise auf Websites anderer Parteien enthalten. Wir \u00fcberwachen oder \u00fcberpr\u00fcfen nicht den Inhalt der Websites anderer Parteien, auf die von dieser Website aus verwiesen wird. Produkte oder Dienstleistungen, die von anderen Websites angeboten werden, unterliegen den Allgemeinen Gesch\u00e4ftsbedingungen dieser Dritten. Auf diesen Websites ge\u00e4u\u00dferte Meinungen oder Materialien werden von uns nicht unbedingt geteilt oder unterst\u00fctzt.<\/p><p>Wir sind nicht verantwortlich f\u00fcr Datenschutzpraktiken oder Inhalte dieser Websites. Du tr\u00e4gst alle Risiken, die mit der Nutzung dieser Websites und damit verbundener Dienste Dritter verbunden sind. Wir \u00fcbernehmen keine Verantwortung f\u00fcr Verluste oder Sch\u00e4den jeglicher Art, die sich aus deiner Weitergabe personenbezogener Daten an Dritte ergeben.<\/p><h2>7. Verantwortungsbewusster Umgang<\/h2><p>Durch den Besuch unserer Website erkl\u00e4rst du dich damit einverstanden, diese nur f\u00fcr die Zwecke zu verwenden, die durch diese Bedingungen, zus\u00e4tzliche Vertr\u00e4ge mit uns sowie geltende Gesetze, Vorschriften und allgemein anerkannte Online-Praktiken und Branchenrichtlinien beabsichtigt und gestattet sind. Du darfst unsere Website oder Dienste nicht verwenden, um Material zu verwenden, zu ver\u00f6ffentlichen oder zu verbreiten, das aus b\u00f6sartiger Computersoftware besteht (oder mit dieser verlinkt ist). Verwende die auf unserer Website gesammelten Daten f\u00fcr Direktmarketingaktivit\u00e4ten oder f\u00fchre systematische oder automatisierte Datenerfassungsaktivit\u00e4ten auf oder in Bezug auf unsere Website durch.<\/p><p>Die Teilnahme an Aktivit\u00e4ten, die Sch\u00e4den an der Website verursachen oder verursachen k\u00f6nnen oder die Leistung, Verf\u00fcgbarkeit oder Zug\u00e4nglichkeit der Website beeintr\u00e4chtigen, ist strengstens untersagt.<\/p><h2>8. Anmeldung<\/h2><p>Du kannst dich f\u00fcr ein Konto auf unserer Website registrieren. W\u00e4hrend dieses Prozesses, k\u00f6nnte es erforderlich sein, ein Passwort auszuw\u00e4hlen. Du bist f\u00fcr die Wahrung der Vertraulichkeit von Passw\u00f6rtern und Kontoinformationen verantwortlich und erkl\u00e4rst dich damit einverstanden, deren Passw\u00f6rter, Kontoinformationen oder den gesicherten Zugang zu unserer Website oder unseren Diensten nicht an andere Personen weiterzugeben.  Du darfst keiner anderen Person erlauben, dein Konto f\u00fcr den Zugriff auf die Website zu verwenden, da du f\u00fcr alle Aktivit\u00e4ten verantwortlich bist, die durch die Verwendung deiner Passw\u00f6rter oder Konten erfolgen. Du musst uns unverz\u00fcglich benachrichtigen, wenn du Kenntnis von einer Offenlegung deines Passworts erh\u00e4ltst.<\/p><p>Nach der K\u00fcndigung des Kontos kannst du ohne unsere Erlaubnis kein neues Konto anlegen.<\/p><h2>9. Deine geposteten Inhalte<\/h2><p>Wir k\u00f6nnen auf unserer Website verschiedene offene Kommunikationstools bereitstellen, z. B. Blog-Kommentare, Blog-Beitr\u00e4ge, Foren, Message Boards, Bewertungen und Rezensionen sowie verschiedene Social-Media-Dienste. Es ist m\u00f6glicherweise nicht m\u00f6glich, alle Inhalte zu \u00fcberpr\u00fcfen oder zu \u00fcberwachen, die du oder andere auf oder \u00fcber unsere Website teilen oder einreichen. Wir behalten uns jedoch das Recht vor, den Inhalt zu \u00fcberpr\u00fcfen und die Nutzung und Aktivit\u00e4t unserer Website zu \u00fcberwachen sowie Inhalte nach eigenem Ermessen zu entfernen oder abzulehnen. Durch das Posten von Informationen oder die anderweitige Verwendung offener Kommunikationstools erkl\u00e4rst du dich damit einverstanden, dass deine Inhalte diesen Allgemeinen Gesch\u00e4ftsbedingungen entsprechen und nicht illegal oder rechtswidrig sind oder die gesetzlichen Rechte einer Person verletzen.<\/p><h2>10. Ideeneinreichung<\/h2><p>Reiche keine Ideen, Erfindungen, Werke der Urheberschaft oder andere Informationen ein, die als dein eigenes geistiges Eigentum angesehen werden k\u00f6nnen und die du uns pr\u00e4sentieren m\u00f6chtest, es sei denn, wir haben zuvor eine Vereinbarung \u00fcber das geistige Eigentum oder eine Geheimhaltungsvereinbarung unterzeichnet. Wenn du uns dies ohne eine solche schriftliche Vereinbarung mitteilst, gew\u00e4hrst du uns eine weltweite, unwiderrufliche, nicht exklusive, lizenzgeb\u00fchrenfreie Lizenz zur Nutzung, Reproduktion, Speicherung, Anpassung, Ver\u00f6ffentlichung, \u00dcbersetzung und Verbreitung deiner Inhalte in bestehenden oder zuk\u00fcnftigen Medien.<\/p><h2>11. Beendigung der Nutzung<\/h2><p>Wir k\u00f6nnen nach eigenem Ermessen den Zugriff auf die Website oder einen darauf befindlichen Service jederzeit vor\u00fcbergehend oder dauerhaft \u00e4ndern oder einstellen. Du erkl\u00e4rst dich damit einverstanden, dass wir weder dir noch Dritten gegen\u00fcber f\u00fcr solche \u00c4nderungen, Aussetzungen oder Unterbrechungen deines Zugriffs auf oder deiner Nutzung der Website oder von Inhalten, die dich m\u00f6glicherweise auf der Website geteilt haben, haften. Du hast keinen Anspruch auf Entsch\u00e4digung oder sonstige Zahlung, selbst wenn bestimmte Funktionen, Einstellungen und\/oder Inhalte, die du beigesteuert hast oder auf die du dich verl\u00e4sst, dauerhaft verloren gehen. Du darfst keine Zugriffsbeschr\u00e4nkungsma\u00dfnahmen auf unserer Website umgehen oder versuchen, sie zu umgehen.<\/p><h2>12. Garantien und Haftung<\/h2><p>Durch nichts in diesem Abschnitt wird eine gesetzlich implizierte Garantie eingeschr\u00e4nkt oder ausgeschlossen, deren Einschr\u00e4nkung oder Ausschluss rechtswidrig w\u00e4re. Diese Website und alle Inhalte der Website werden \"wie sie sind\" und \"wie verf\u00fcgbar\" bereitgestellt und k\u00f6nnen Ungenauigkeiten oder Tippfehler enthalten. Wir lehnen ausdr\u00fccklich jegliche ausdr\u00fcckliche oder stillschweigende Gew\u00e4hrleistung jeglicher Art hinsichtlich der Verf\u00fcgbarkeit, Richtigkeit oder Vollst\u00e4ndigkeit des Inhalts ab. Wir \u00fcbernehmen keine Garantie daf\u00fcr, dass:<\/p><p><ul>\n\t\t\t\t<li>Diese Website oder unsere Produkte oder Dienstleistungen erf\u00fcllen deine Anforderungen.<\/li>\n\t\t\t\t<li>Diese Website wird ununterbrochen, zeitnah, sicher oder fehlerfrei verf\u00fcgbar sein;<\/li>\n\t\t\t\t<li>Die Qualit\u00e4t aller Produkte oder Dienstleistungen, die du \u00fcber diese Website gekauft oder erhalten hast, entspricht deinen Erwartungen.<\/li>\n\t\t\t<\/ul><\/p><p>Nichts auf dieser Website stellt eine rechtliche, finanzielle oder medizinische Beratung jeglicher Art dar oder soll diese darstellen. Wenn du eine Beratung ben\u00f6tigst, solltest du einen geeigneten Fachmann konsultieren.<\/p><p>Die folgenden Bestimmungen dieses Abschnitts gelten im gesetzlich zul\u00e4ssigen H\u00f6chstma\u00df und schr\u00e4nken unsere Haftung in Bezug auf Angelegenheiten, die f\u00fcr uns rechtswidrig oder rechtswidrig w\u00e4ren, unsere Haftung einzuschr\u00e4nken oder auszuschlie\u00dfen, nicht ein oder aus. In keinem Fall haften wir f\u00fcr direkte oder indirekte Sch\u00e4den (einschlie\u00dflich Sch\u00e4den f\u00fcr entgangenen Gewinn oder Umsatz, Verlust oder Besch\u00e4digung von Daten, Software oder Datenbank oder Verlust oder Besch\u00e4digung von Eigentum oder Daten), die dir oder Drittparteien entstehen, die sich aus deinem Zugriff auf oder deiner Nutzung unserer Website ergibt.<\/p><p>Sofern in einem zus\u00e4tzlichen Vertrag nicht ausdr\u00fccklich etwas anderes bestimmt ist, haften wir dir gegen\u00fcber maximal f\u00fcr alle Sch\u00e4den, die aus der Website oder mit Produkten und Dienstleistungen entstehen oder damit in Verbindung stehen, die \u00fcber die Website vermarktet oder verkauft werden, unabh\u00e4ngig von der Form der rechtlichen Schritte, die eine Haftung auferlegen (ob vertraglich, nach Billigkeit, Fahrl\u00e4ssigkeit, vors\u00e4tzlichem Verhalten, unerlaubter Handlung oder auf andere Weise) wird auf den Gesamtpreis begrenzt, den du an uns gezahlt hast, um solche Produkte oder Dienstleistungen zu kaufen oder die Website zu nutzen. Diese Begrenzung gilt insgesamt f\u00fcr alle deine Anspr\u00fcche, Handlungen und Klagegr\u00fcnde jeglicher Art und Weise.<\/p><h2>13. Privatsph\u00e4re<\/h2><p>Um auf unsere Website und\/oder Dienstleistungen zugreifen zu k\u00f6nnen, musst du im Rahmen des Registrierungsprozesses m\u00f6glicherweise bestimmte Informationen \u00fcber dich selbst angeben. Du stimmst zu, dass alle von dir angegebenen Informationen immer genau, korrekt und aktuell sind.<\/p><p>Wir nehmen deine pers\u00f6nlichen Daten ernst und verpflichten uns, deine Privatsph\u00e4re zu sch\u00fctzen. Wir werden deine E-Mail-Adresse nicht f\u00fcr unerw\u00fcnschte E-Mails verwenden. Alle von uns an dich gesendeten E-Mails beziehen sich nur auf die Bereitstellung vereinbarter Produkte oder Dienstleistungen.<\/p><p>Wir haben eine Richtlinie entwickelt, um eventuelle Datenschutzbedenken auszur\u00e4umen. Weitere Informationen findest du in unserer <a href=\"\">Erkl\u00e4rung zum Datenschutz<\/a> und unser <a href=\"\">Cookie-Richtlinie<\/a>.<\/p><h2>14. Barrierefreiheit<\/h2><p>Wir verpflichten uns, die von uns bereitgestellten Inhalte f\u00fcr Menschen mit Behinderungen zug\u00e4nglich zu machen. Wenn du eine Behinderung\/Beeintr\u00e4chtigung hast und aufgrund dieser nicht auf einen Teil unserer Website zugreifen kannst, bitten wir dich, uns eine Mitteilung mit einer detaillierten Beschreibung des aufgetretenen Problems zu senden. Wenn das Problem gem\u00e4\u00df den branchen\u00fcblichen Informationstechnologie-Tools und -Techniken leicht zu identifizieren und zu l\u00f6sen ist, werden wir es umgehend beheben.<\/p><h2>15. Exportbeschr\u00e4nkungen \/ Einhaltung von Gesetzen<\/h2><p>Der Zugriff auf die Website aus Gebieten oder L\u00e4ndern, in denen der Inhalt oder Kauf der auf der Website verkauften Produkte oder Dienstleistungen illegal ist, ist verboten. Du darfst diese Website nicht unter Versto\u00df gegen die Exportgesetze und -bestimmungen von Deutschland verwenden.<\/p><h2>16. Partnerschafts-Marketing<\/h2><p>\u00dcber diese Website k\u00f6nnen wir Partnerschafts-Marketing betreiben, wobei wir einen Prozentsatz oder eine Provision f\u00fcr den Verkauf von Dienstleistungen oder Produkten auf oder \u00fcber diese Website erhalten. Wir k\u00f6nnen auch Sponsoring oder andere Formen der Werbeverg\u00fctung von Unternehmen akzeptieren. Diese Offenlegung soll den gesetzlichen Anforderungen in Bezug auf Marketing und Werbung entsprechen, die m\u00f6glicherweise gelten, wie z. B. den Regeln der US-amerikanischen Federal Trade Commission.<\/p><h2>17. Zuordnung<\/h2><p>Ohne unsere vorherige schriftliche Zustimmung darfst du deine Rechte und\/oder Pflichten aus diesen Gesch\u00e4ftsbedingungen weder ganz noch teilweise an Dritte abtreten, \u00fcbertragen oder an Dritte weitergeben. Jede angebliche Abtretung, die gegen diesen Abschnitt verst\u00f6\u00dft, ist nichtig.<\/p><h2>18. Verst\u00f6\u00dfe gegen diese Allgemeinen Gesch\u00e4ftsbedingungen<\/h2><p>Ungeachtet unserer anderen Rechte aus diesen Allgemeinen Gesch\u00e4ftsbedingungen k\u00f6nnen wir, wenn du in irgendeiner Weise gegen diese Allgemeinen Gesch\u00e4ftsbedingungen verst\u00f6\u00dft, Ma\u00dfnahmen ergreifen, die wir f\u00fcr angemessen halten, um den Versto\u00df zu behandeln, einschlie\u00dflich der vor\u00fcbergehenden oder dauerhaften Sperrung deines Zugriffs auf die Website und mit der Kontaktaufnahme deines Internetdienstanbieters mit der Aufforderung deinen Zugang zur Website zu sperren und\/oder rechtliche Schritte gegen dich einzuleiten.<\/p><h2>19. Entsch\u00e4digung<\/h2><p>Du erkl\u00e4rst dich damit einverstanden, uns von s\u00e4mtlichen Anspr\u00fcchen, Verbindlichkeiten, Sch\u00e4den, Verlusten und Kosten im Zusammenhang mit deiner Verletzung dieser Allgemeinen Gesch\u00e4ftsbedingungen und der geltenden Gesetze, einschlie\u00dflich geistiger Eigentumsrechte und Datenschutzrechte, freizustellen, zu verteidigen und schadlos zu halten. Du wirst uns unverz\u00fcglich unsere Sch\u00e4den, Verluste, Kosten und Aufwendungen im Zusammenhang mit oder aus solchen Anspr\u00fcchen erstatten.<\/p><h2>20. Verzicht<\/h2><p>Das Vers\u00e4umnis, eine der Bestimmungen dieser Allgemeinen Gesch\u00e4ftsbedingungen und einer Vereinbarung durchzusetzen, oder das Vers\u00e4umnis, eine K\u00fcndigungsoption auszu\u00fcben, gilt nicht als Verzicht auf diese Bestimmungen und ber\u00fchrt nicht die G\u00fcltigkeit dieser Allgemeinen Gesch\u00e4ftsbedingungen oder einer dieser Vereinbarungen oder einen Teil davon oder das Recht danach, jede einzelne Bestimmung durchzusetzen.<\/p><h2>21. Sprache<\/h2><p>Diese Allgemeinen Gesch\u00e4ftsbedingungen werden ausschlie\u00dflich in Englisch interpretiert und ausgelegt. Alle Mitteilungen und Korrespondenzen werden ausschlie\u00dflich in dieser Sprache verfasst.<\/p><h2>22. Komplette Vereinbarung<\/h2><p>Diese Bedingungen und Konditionen, zusammen mit unseren <a href=\"\">Erkl\u00e4rung zum Datenschutz<\/a> und <a href=\"\">Cookie-Richtlinie<\/a>, stellen die gesamte Vereinbarung zwischen dir und Jean-Fabian Wenisch in Bezug auf deine Nutzung dieser Website dar.<\/p><h2>23. Aktualisierung dieser Allgemeinen Gesch\u00e4ftsbedingungen<\/h2><p>Wir k\u00f6nnen diese Allgemeinen Gesch\u00e4ftsbedingungen von Zeit zu Zeit aktualisieren. Du bist verpflichtet, diese Allgemeinen Gesch\u00e4ftsbedingungen regelm\u00e4\u00dfig auf \u00c4nderungen oder Aktualisierungen zu \u00fcberpr\u00fcfen. Das zu Beginn dieser Allgemeinen Gesch\u00e4ftsbedingungen angegebene Datum ist das letzte \u00dcberarbeitungsdatum. \u00c4nderungen dieser Allgemeinen Gesch\u00e4ftsbedingungen werden wirksam, sobald solche \u00c4nderungen auf dieser Website ver\u00f6ffentlicht werden. Deine fortgesetzte Nutzung dieser Website nach der Ver\u00f6ffentlichung von \u00c4nderungen oder Aktualisierungen gilt als Hinweis auf deine Zustimmung zur Einhaltung und Bindung dieser Allgemeinen Gesch\u00e4ftsbedingungen.<\/p><h2>24. Rechtswahl und Gerichtsstand<\/h2><p>Diese Allgemeinen Gesch\u00e4ftsbedingungen unterliegen den Gesetzen von Deutschland.  F\u00fcr alle Streitigkeiten im Zusammenhang mit diesen Allgemeinen Gesch\u00e4ftsbedingungen sind die Gerichte von Deutschland zust\u00e4ndig. Wenn ein Teil oder eine Bestimmung dieser Allgemeinen Gesch\u00e4ftsbedingungen von einem Gericht oder einer anderen Beh\u00f6rde als ung\u00fcltig und \/ oder nach geltendem Recht nicht durchsetzbar befunden wird, wird dieser Teil oder diese Bestimmung im maximal zul\u00e4ssigen Umfang ge\u00e4ndert, gel\u00f6scht und \/ oder durchgesetzt die Absicht dieser Allgemeinen Gesch\u00e4ftsbedingungen verwirklicht. Die \u00fcbrigen Bestimmungen bleiben unber\u00fchrt.<\/p><h2>25. Kontaktinformationen<\/h2><p>Diese Website geh\u00f6rt und wird betrieben von Jean-Fabian Wenisch.<\/p><p>Du kannst uns bez\u00fcglich dieser Allgemeinen Gesch\u00e4ftsbedingungen \u00fcber unsere <a href=\"https:\/\/gameservercentral.eu\/de\/kontakt\/\">Kontakt<\/a> Seite.<\/p><h2>26. Herunterladen<\/h2><p>Du kannst auch <a href=\"https:\/\/gameservercentral.eu\/wp-content\/plugins\/complianz-terms-conditions\/download.php\">herunterladen<\/a> unsere Allgemeinen Gesch\u00e4ftsbedingungen als PDF.<\/p><\/div>\n\n\n<p><\/p>\n\n\n\n<h4 class=\"wp-block-heading\">27.  Bedingungen f\u00fcr den fr\u00fchen Zugang<\/h4>\n\n\n\n<p>Das gekaufte Produkt befindet sich in einem fr\u00fchen Entwicklungsstadium. Funktionen, Stabilit\u00e4t und Umfang k\u00f6nnen von der endg\u00fcltigen Version abweichen. Die Nutzung ist freiwillig und f\u00fcr Test- und Feedbackzwecke gedacht.<\/p>\n\n\n\n<p>Deine Nutzung kann analysiert werden, um das Produkt zu verbessern. Nur pseudonymisierte Daten werden in \u00dcbereinstimmung mit unseren <a href=\"https:\/\/gameservercentral.eu\/de\/erklarung-zum-datenschutz\/\" data-type=\"page\" data-id=\"148\">Datenschutzbestimmungen<\/a>. Dein freiwilliges Feedback kann zur Verbesserung zuk\u00fcnftiger Versionen verwendet werden.<\/p>\n\n\n\n<p>Der Funktionsumfang kann eingeschr\u00e4nkt sein. Es besteht kein Anspruch auf bestimmte Funktionen oder Supportleistungen. Updates und \u00c4nderungen k\u00f6nnen ohne vorherige Ank\u00fcndigung erfolgen.<\/p>\n\n\n\n<p><a href=\"https:\/\/gameservercentral.eu\/de\/early-access\/\">Fr\u00fcher Zugang<\/a> endet mit der Ver\u00f6ffentlichung der endg\u00fcltigen Version oder durch eine Mitteilung von uns. Der \u00dcbergang zur endg\u00fcltigen Version erfolgt nicht automatisch, es sei denn, dies wurde ausdr\u00fccklich vereinbart.<\/p>\n\n\n\n<p>Die Nutzung erfolgt \"wie besehen\" ohne Gew\u00e4hrleistung bestimmter Eigenschaften oder der Verf\u00fcgbarkeit. Die Haftung f\u00fcr Sch\u00e4den, die durch die Nutzung der Vorabversion entstehen, ist, soweit gesetzlich zul\u00e4ssig, ausgeschlossen.<\/p>\n\n\n\n<h4 class=\"wp-block-heading\">28. Feedback-Anfragen f\u00fcr Early Access Services <\/h4>\n\n\n\n<p>Durch den Kauf von Dienstleistungen, die als <em>Fr\u00fcher Zugang<\/em>erkl\u00e4rst du dich damit einverstanden, dass wir dich per elektronischer Kommunikation um Feedback bitten. Dieses Feedback kann Fragen \u00fcber deine Erfahrungen, die Nutzung von Funktionen und Verbesserungsvorschl\u00e4ge enthalten.<\/p>\n\n\n\n<p>Du stimmst au\u00dferdem zu, dass jedes Feedback, das du uns freiwillig gibst, in anonymisierter oder zugeschriebener Form ver\u00f6ffentlicht werden kann, einschlie\u00dflich, aber nicht beschr\u00e4nkt auf Ausz\u00fcge, Zusammenfassungen oder vollst\u00e4ndige Antworten, um die Produktentwicklung, Transparenz und das Engagement der Gemeinschaft zu f\u00f6rdern. Die Ver\u00f6ffentlichung kann auf unserer Website, in Werbematerialien oder auf angeschlossenen Plattformen erfolgen.<\/p>\n\n\n\n<p>Wenn du nicht m\u00f6chtest, dass dein Feedback ver\u00f6ffentlicht wird, kannst du uns das vor der \u00dcbermittlung schriftlich mitteilen.<\/p>","protected":false},"excerpt":{"rendered":"<p>27. Early Access Terms The purchased product is in an early development stage. Features, stability, and scope may differ from the final release. Use is voluntary and intended for testing and feedback purposes. Your usage may be analyzed to improve the product. Only pseudonymized data will be processed in accordance with our Privacy Policy. Voluntary [&hellip;]<\/p>\n","protected":false},"author":1,"featured_media":0,"parent":0,"menu_order":0,"comment_status":"closed","ping_status":"closed","template":"","meta":{"footnotes":""},"class_list":["post-265","page","type-page","status-publish","hentry"],"_links":{"self":[{"href":"https:\/\/gameservercentral.eu\/de\/wp-json\/wp\/v2\/pages\/265","targetHints":{"allow":["GET"]}}],"collection":[{"href":"https:\/\/gameservercentral.eu\/de\/wp-json\/wp\/v2\/pages"}],"about":[{"href":"https:\/\/gameservercentral.eu\/de\/wp-json\/wp\/v2\/types\/page"}],"author":[{"embeddable":true,"href":"https:\/\/gameservercentral.eu\/de\/wp-json\/wp\/v2\/users\/1"}],"replies":[{"embeddable":true,"href":"https:\/\/gameservercentral.eu\/de\/wp-json\/wp\/v2\/comments?post=265"}],"version-history":[{"count":0,"href":"https:\/\/gameservercentral.eu\/de\/wp-json\/wp\/v2\/pages\/265\/revisions"}],"wp:attachment":[{"href":"https:\/\/gameservercentral.eu\/de\/wp-json\/wp\/v2\/media?parent=265"}],"curies":[{"name":"wp","href":"https:\/\/api.w.org\/{rel}","templated":true}]}}